{"id":753,"date":"2019-11-07T03:23:04","date_gmt":"2019-11-07T03:23:04","guid":{"rendered":"http:\/\/wpdemo.archiwp.com\/onum\/?page_id=753"},"modified":"2023-03-14T21:27:59","modified_gmt":"2023-03-14T21:27:59","slug":"institucional","status":"publish","type":"page","link":"https:\/\/acacef.com.br\/novo\/institucional\/","title":{"rendered":"Institucional"},"content":{"rendered":"\t\t<div data-elementor-type=\"wp-page\" data-elementor-id=\"753\" class=\"elementor elementor-753\" data-elementor-post-type=\"page\">\n\t\t\t\t\t\t<section class=\"elementor-section elementor-top-section elementor-element elementor-element-588df14 elementor-section-content-middle elementor-section-boxed elementor-section-height-default elementor-section-height-default\" data-id=\"588df14\" data-element_type=\"section\">\n\t\t\t\t\t\t<div class=\"elementor-container elementor-column-gap-extended\">\n\t\t\t\t\t<div class=\"elementor-column elementor-col-50 elementor-top-column elementor-element elementor-element-de195c6 ot-flex-column-vertical\" data-id=\"de195c6\" data-element_type=\"column\">\n\t\t\t<div class=\"elementor-widget-wrap elementor-element-populated\">\n\t\t\t\t\t\t<div class=\"elementor-element elementor-element-7e57f00 elementor-widget elementor-widget-image\" data-id=\"7e57f00\" data-element_type=\"widget\" data-widget_type=\"image.default\">\n\t\t\t\t<div class=\"elementor-widget-container\">\n\t\t\t\t\t\t\t\t\t\t\t\t\t\t\t<img fetchpriority=\"high\" decoding=\"async\" width=\"1709\" height=\"2560\" src=\"https:\/\/acacef.com.br\/novo\/wp-content\/uploads\/2023\/01\/happy-elderly-man-2021-08-27-09-25-57-utc-1-scaled.jpg\" class=\"attachment-full size-full wp-image-4788\" alt=\"\" srcset=\"https:\/\/acacef.com.br\/novo\/wp-content\/uploads\/2023\/01\/happy-elderly-man-2021-08-27-09-25-57-utc-1-scaled.jpg 1709w, https:\/\/acacef.com.br\/novo\/wp-content\/uploads\/2023\/01\/happy-elderly-man-2021-08-27-09-25-57-utc-1-200x300.jpg 200w, https:\/\/acacef.com.br\/novo\/wp-content\/uploads\/2023\/01\/happy-elderly-man-2021-08-27-09-25-57-utc-1-683x1024.jpg 683w, https:\/\/acacef.com.br\/novo\/wp-content\/uploads\/2023\/01\/happy-elderly-man-2021-08-27-09-25-57-utc-1-768x1151.jpg 768w, https:\/\/acacef.com.br\/novo\/wp-content\/uploads\/2023\/01\/happy-elderly-man-2021-08-27-09-25-57-utc-1-1025x1536.jpg 1025w\" sizes=\"(max-width: 1709px) 100vw, 1709px\" \/>\t\t\t\t\t\t\t\t\t\t\t\t\t\t\t<\/div>\n\t\t\t\t<\/div>\n\t\t\t\t\t<\/div>\n\t\t<\/div>\n\t\t\t\t<div class=\"elementor-column elementor-col-50 elementor-top-column elementor-element elementor-element-233b0d2 ot-flex-column-vertical\" data-id=\"233b0d2\" data-element_type=\"column\">\n\t\t\t<div class=\"elementor-widget-wrap elementor-element-populated\">\n\t\t\t\t\t\t<div class=\"elementor-element elementor-element-fe5bc85 elementor-widget elementor-widget-iheading\" data-id=\"fe5bc85\" data-element_type=\"widget\" data-widget_type=\"iheading.default\">\n\t\t\t\t<div class=\"elementor-widget-container\">\n\t\t\t\t\t\t\t<div class=\"ot-heading -align\">\r\n\t\t\t\r\n\t\t\t\t\r\n\r\n\t        \t            <h6 class=\"sub-heading\"><span>CONHE\u00c7A NOSSA hist\u00f3ria<\/span><\/h6>\r\n\t         \r\n\r\n\t        \t        \t<h2 class=\"main-heading\">35 anos de acacef<\/h2>\r\n\t        \t    <\/div>\r\n\t    \t\t\t\t<\/div>\n\t\t\t\t<\/div>\n\t\t\t\t<div class=\"elementor-element elementor-element-e6e8b3f elementor-widget elementor-widget-text-editor\" data-id=\"e6e8b3f\" data-element_type=\"widget\" data-widget_type=\"text-editor.default\">\n\t\t\t\t<div class=\"elementor-widget-container\">\n\t\t\t\t\t\t\t\t\t<h5><span style=\"font-weight: 400;\">A Associa\u00e7\u00e3o Catarinense de Aposentados da Caixa Econ\u00f4mica Federal &#8211; ACACEF foi fundada em 1987, e, desde l\u00e1, congrega aposentadas, aposentados e pensionistas em seu quadro social.<\/span><\/h5><h5><span style=\"font-weight: 400;\">Declarada de utilidade p\u00fablica por meio das leis municipal n\u00ba 3732 e estadual n\u00ba 8397, sua sede pr\u00f3pria fica na Rua Vidal Ramos, 53, Edif\u00edcio Cristal Center, sala 1102, 11\u00ba andar, no Centro de Florian\u00f3polis, CEP 88.010-320.<\/span><\/h5><h5><span style=\"font-weight: 400;\">A ACACEF \u00e9 afiliada \u00e0 Federa\u00e7\u00e3o Nacional das Associa\u00e7\u00f5es de Aposentados e Pensionistas da Caixa Econ\u00f4mica Federal &#8211; FENACEF, que tem sua sede em Bras\u00edlia \/ DF.<\/span><\/h5><h5><span style=\"font-weight: 400;\">Atualmente conta com 930 associados (aproximadamente). Seu meio oficial de comunica\u00e7\u00e3o \u00e9 o Informativo ACACEF, com publica\u00e7\u00f5es de assuntos de interesse de seus associados.<\/span><\/h5>\t\t\t\t\t\t\t\t<\/div>\n\t\t\t\t<\/div>\n\t\t\t\t<div class=\"elementor-element elementor-element-4349c97 elementor-widget elementor-widget-ivideopopup\" data-id=\"4349c97\" data-element_type=\"widget\" data-widget_type=\"ivideopopup.default\">\n\t\t\t\t<div class=\"elementor-widget-container\">\n\t\t\t\t\t\t\t<div class=\"video-popup\">\r\n\t\t\t<div class=\"btn-inner\">\r\n\t\t        <a class=\"btn-play\" href=\"https:\/\/vimeo.com\/770003618\">\r\n\t\t        \t<i class=\"fas fa-play\"><\/i>\r\n\t\t        \t\t\t        \t<span class=\"circle-1\"><\/span>\r\n\t\t\t\t\t<span class=\"circle-2\"><\/span>\r\n\t\t\t\t\t\t\t        <\/a>\r\n\t        <\/div>\r\n\t        <span>35 ANOS DE ACACEF<\/span>\t    <\/div>\r\n\t    \t\t\t\t<\/div>\n\t\t\t\t<\/div>\n\t\t\t\t\t<\/div>\n\t\t<\/div>\n\t\t\t\t\t<\/div>\n\t\t<\/section>\n\t\t\t\t<section class=\"elementor-section elementor-top-section elementor-element elementor-element-04ed802 elementor-section-boxed elementor-section-height-default elementor-section-height-default\" data-id=\"04ed802\" data-element_type=\"section\" data-settings=\"{&quot;background_background&quot;:&quot;classic&quot;}\">\n\t\t\t\t\t\t<div class=\"elementor-container elementor-column-gap-extended\">\n\t\t\t\t\t<div class=\"elementor-column elementor-col-100 elementor-top-column elementor-element elementor-element-eeba7e5 ot-flex-column-vertical\" data-id=\"eeba7e5\" data-element_type=\"column\">\n\t\t\t<div class=\"elementor-widget-wrap elementor-element-populated\">\n\t\t\t\t\t\t<section class=\"elementor-section elementor-inner-section elementor-element elementor-element-4edaf8b elementor-section-full_width elementor-section-height-default elementor-section-height-default\" data-id=\"4edaf8b\" data-element_type=\"section\">\n\t\t\t\t\t\t<div class=\"elementor-container elementor-column-gap-extended\">\n\t\t\t\t\t<div class=\"elementor-column elementor-col-16 elementor-inner-column elementor-element elementor-element-9b1c72c ot-flex-column-vertical\" data-id=\"9b1c72c\" data-element_type=\"column\">\n\t\t\t<div class=\"elementor-widget-wrap\">\n\t\t\t\t\t\t\t<\/div>\n\t\t<\/div>\n\t\t\t\t<div class=\"elementor-column elementor-col-66 elementor-inner-column elementor-element elementor-element-eab20bb ot-flex-column-vertical\" data-id=\"eab20bb\" data-element_type=\"column\">\n\t\t\t<div class=\"elementor-widget-wrap elementor-element-populated\">\n\t\t\t\t\t\t<div class=\"elementor-element elementor-element-bfe8421 elementor-widget elementor-widget-iiconbox_grid\" data-id=\"bfe8421\" data-element_type=\"widget\" data-widget_type=\"iiconbox_grid.default\">\n\t\t\t\t<div class=\"elementor-widget-container\">\n\t\t\t\t\t\t\t<div class=\"icon-box-grid\">\r\n\t\t\t\t\t\t<div class=\"col-md-4 no-padding\">\r\n\t\t\t\t<div class=\"icon-box\">\r\n\t\t\t\t\t<div class=\"icon-main\">\r\n\r\n\t\t\t\t        \r\n\t\t\t\t\t    \t\t\t\t        <span class=\"\"><\/span>\t\t\t        <\/div>\r\n\t\t\t        <div class=\"content-box\">\r\n\t\t\t        \t\t\t\t            <h5 class=\"box-title\">Miss\u00e3o<\/h5>\r\n\t\t\t            <p>Representar os aposentados e pensionistas da Caixa Econ\u00f4mica Federal de Santa Catarina, tendo como prop\u00f3sito a luta pela preserva\u00e7\u00e3o dos direitos conquistados, bem como apoiar e promover a integra\u00e7\u00e3o e participa\u00e7\u00e3o nas a\u00e7\u00f5es que visam o bem estar comum dos seus associados. <\/p>\r\n\t\t\t        <\/div>\r\n\t\t\t    <\/div>\r\n\t\t    <\/div>\r\n\t\t    \t\t\t<div class=\"col-md-4 no-padding\">\r\n\t\t\t\t<div class=\"icon-box\">\r\n\t\t\t\t\t<div class=\"icon-main\">\r\n\r\n\t\t\t\t        \r\n\t\t\t\t\t    \t\t\t\t        <span class=\"\"><\/span>\t\t\t        <\/div>\r\n\t\t\t        <div class=\"content-box\">\r\n\t\t\t        \t\t\t\t            <h5 class=\"box-title\">Vis\u00e3o<\/h5>\r\n\t\t\t            <p>Ser uma associa\u00e7\u00e3o reconhecida pela gest\u00e3o eficiente, participativa e transparente, congregando os associados.\n\n<\/p>\r\n\t\t\t        <\/div>\r\n\t\t\t    <\/div>\r\n\t\t    <\/div>\r\n\t\t    \t\t\t<div class=\"col-md-4 no-padding\">\r\n\t\t\t\t<div class=\"icon-box\">\r\n\t\t\t\t\t<div class=\"icon-main\">\r\n\r\n\t\t\t\t        \r\n\t\t\t\t\t    \t\t\t\t        <span class=\"\"><\/span>\t\t\t        <\/div>\r\n\t\t\t        <div class=\"content-box\">\r\n\t\t\t        \t\t\t\t            <h5 class=\"box-title\">Valores<\/h5>\r\n\t\t\t            <p>Valorizar e refor\u00e7ar as rela\u00e7\u00f5es de amizade e companheirismo constru\u00eddas ao longo da vida laboral, promovendo a constru\u00e7\u00e3o de novos v\u00ednculos entre os seus associados e familiares.\n\n<\/p>\r\n\t\t\t        <\/div>\r\n\t\t\t    <\/div>\r\n\t\t    <\/div>\r\n\t\t    \t\t<\/div>\r\n\t    \t\t\t\t<\/div>\n\t\t\t\t<\/div>\n\t\t\t\t\t<\/div>\n\t\t<\/div>\n\t\t\t\t<div class=\"elementor-column elementor-col-16 elementor-inner-column elementor-element elementor-element-5a56d14 ot-flex-column-vertical\" data-id=\"5a56d14\" data-element_type=\"column\">\n\t\t\t<div class=\"elementor-widget-wrap\">\n\t\t\t\t\t\t\t<\/div>\n\t\t<\/div>\n\t\t\t\t\t<\/div>\n\t\t<\/section>\n\t\t\t\t<section class=\"elementor-section elementor-inner-section elementor-element elementor-element-be054cf elementor-section-content-middle elementor-section-full_width elementor-section-height-default elementor-section-height-default\" data-id=\"be054cf\" data-element_type=\"section\">\n\t\t\t\t\t\t<div class=\"elementor-container elementor-column-gap-extended\">\n\t\t\t\t\t<div class=\"elementor-column elementor-col-100 elementor-inner-column elementor-element elementor-element-125f3db ot-flex-column-vertical\" data-id=\"125f3db\" data-element_type=\"column\">\n\t\t\t<div class=\"elementor-widget-wrap\">\n\t\t\t\t\t\t\t<\/div>\n\t\t<\/div>\n\t\t\t\t\t<\/div>\n\t\t<\/section>\n\t\t\t\t\t<\/div>\n\t\t<\/div>\n\t\t\t\t\t<\/div>\n\t\t<\/section>\n\t\t\t\t<section data-color=\"#fe4c1c,#00c3ff,#0160e7\" class=\"elementor-section elementor-top-section elementor-element elementor-element-d386179 particles-js elementor-section-boxed elementor-section-height-default elementor-section-height-default\" data-id=\"d386179\" data-element_type=\"section\" data-settings=\"{&quot;background_background&quot;:&quot;classic&quot;}\">\n\t\t\t\t\t\t<div class=\"elementor-container elementor-column-gap-default\">\n\t\t\t\t\t<div class=\"elementor-column elementor-col-100 elementor-top-column elementor-element elementor-element-469fdf5 ot-flex-column-vertical\" data-id=\"469fdf5\" data-element_type=\"column\">\n\t\t\t<div class=\"elementor-widget-wrap elementor-element-populated\">\n\t\t\t\t\t\t<section class=\"elementor-section elementor-inner-section elementor-element elementor-element-2f5ec21 elementor-section-full_width elementor-section-height-default elementor-section-height-default\" data-id=\"2f5ec21\" data-element_type=\"section\" data-settings=\"{&quot;background_background&quot;:&quot;classic&quot;}\">\n\t\t\t\t\t\t\t<div class=\"elementor-background-overlay\"><\/div>\n\t\t\t\t\t\t\t<div class=\"elementor-container elementor-column-gap-extended\">\n\t\t\t\t\t<div class=\"elementor-column elementor-col-33 elementor-inner-column elementor-element elementor-element-960a1dc ot-flex-column-vertical\" data-id=\"960a1dc\" data-element_type=\"column\">\n\t\t\t<div class=\"elementor-widget-wrap elementor-element-populated\">\n\t\t\t\t\t\t<div class=\"elementor-element elementor-element-a024fa3 elementor-widget elementor-widget-icounter\" data-id=\"a024fa3\" data-element_type=\"widget\" data-widget_type=\"icounter.default\">\n\t\t\t\t<div class=\"elementor-widget-container\">\n\t\t\t\t\t\t\t\t\t\t\t\t<div class=\"ot-counter s2 \">\r\n\t\t        \t<h6 class=\"counter-title\">ANOS DE ATUA\u00c7\u00c3O<\/h6>\t\r\n\t\t        \t<div>\r\n\t\t        \t\t<span class=\"num\" data-to=\"35\" data-time= \"2000\"><\/span>\r\n\t\t        \t\t<span> ANOS<\/span>\t\t        \t<\/div>\r\n\t\t\t    <\/div>\r\n\t\t    \t    \t\t\t\t<\/div>\n\t\t\t\t<\/div>\n\t\t\t\t\t<\/div>\n\t\t<\/div>\n\t\t\t\t<div class=\"elementor-column elementor-col-33 elementor-inner-column elementor-element elementor-element-1176a04 ot-flex-column-vertical\" data-id=\"1176a04\" data-element_type=\"column\">\n\t\t\t<div class=\"elementor-widget-wrap elementor-element-populated\">\n\t\t\t\t\t\t<div class=\"elementor-element elementor-element-0cac477 elementor-widget elementor-widget-icounter\" data-id=\"0cac477\" data-element_type=\"widget\" data-widget_type=\"icounter.default\">\n\t\t\t\t<div class=\"elementor-widget-container\">\n\t\t\t\t\t\t\t\t\t\t\t\t<div class=\"ot-counter s2 \">\r\n\t\t        \t<h6 class=\"counter-title\">ASSOCIADOS<\/h6>\t\r\n\t\t        \t<div>\r\n\t\t        \t\t<span class=\"num\" data-to=\"1069\" data-time= \"2000\"><\/span>\r\n\t\t        \t\t\t\t        \t<\/div>\r\n\t\t\t    <\/div>\r\n\t\t    \t    \t\t\t\t<\/div>\n\t\t\t\t<\/div>\n\t\t\t\t\t<\/div>\n\t\t<\/div>\n\t\t\t\t<div class=\"elementor-column elementor-col-33 elementor-inner-column elementor-element elementor-element-eeca964 ot-flex-column-vertical\" data-id=\"eeca964\" data-element_type=\"column\">\n\t\t\t<div class=\"elementor-widget-wrap elementor-element-populated\">\n\t\t\t\t\t\t<div class=\"elementor-element elementor-element-328520c elementor-widget elementor-widget-icounter\" data-id=\"328520c\" data-element_type=\"widget\" data-widget_type=\"icounter.default\">\n\t\t\t\t<div class=\"elementor-widget-container\">\n\t\t\t\t\t\t\t\t\t\t\t\t<div class=\"ot-counter s2 \">\r\n\t\t        \t<h6 class=\"counter-title\">CONV\u00caNIOS<\/h6>\t\r\n\t\t        \t<div>\r\n\t\t        \t\t<span class=\"num\" data-to=\"16\" data-time= \"2000\"><\/span>\r\n\t\t        \t\t\t\t        \t<\/div>\r\n\t\t\t    <\/div>\r\n\t\t    \t    \t\t\t\t<\/div>\n\t\t\t\t<\/div>\n\t\t\t\t\t<\/div>\n\t\t<\/div>\n\t\t\t\t\t<\/div>\n\t\t<\/section>\n\t\t\t\t\t<\/div>\n\t\t<\/div>\n\t\t\t\t\t<\/div>\n\t\t<\/section>\n\t\t\t\t<section class=\"elementor-section elementor-top-section elementor-element elementor-element-168fde5 elementor-section-boxed elementor-section-height-default elementor-section-height-default\" data-id=\"168fde5\" data-element_type=\"section\">\n\t\t\t\t\t\t<div class=\"elementor-container elementor-column-gap-default\">\n\t\t\t\t\t<div class=\"elementor-column elementor-col-100 elementor-top-column elementor-element elementor-element-bee3ec1 ot-flex-column-vertical\" data-id=\"bee3ec1\" data-element_type=\"column\">\n\t\t\t<div class=\"elementor-widget-wrap\">\n\t\t\t\t\t\t\t<\/div>\n\t\t<\/div>\n\t\t\t\t\t<\/div>\n\t\t<\/section>\n\t\t\t\t<\/div>\n\t\t","protected":false},"excerpt":{"rendered":"<p>CONHE\u00c7A NOSSA hist\u00f3ria 35 anos de acacef A Associa\u00e7\u00e3o Catarinense de Aposentados da Caixa Econ\u00f4mica Federal &#8211; ACACEF foi fundada em 1987, e, desde l\u00e1, congrega aposentadas, aposentados e pensionistas em seu quadro social. Declarada de utilidade p\u00fablica por meio das leis municipal n\u00ba 3732 e estadual n\u00ba 8397, sua sede pr\u00f3pria fica na Rua [&hellip;]<\/p>\n","protected":false},"author":1,"featured_media":0,"parent":0,"menu_order":0,"comment_status":"closed","ping_status":"closed","template":"","meta":{"footnotes":""},"class_list":["post-753","page","type-page","status-publish","hentry"],"_links":{"self":[{"href":"https:\/\/acacef.com.br\/novo\/wp-json\/wp\/v2\/pages\/753","targetHints":{"allow":["GET"]}}],"collection":[{"href":"https:\/\/acacef.com.br\/novo\/wp-json\/wp\/v2\/pages"}],"about":[{"href":"https:\/\/acacef.com.br\/novo\/wp-json\/wp\/v2\/types\/page"}],"author":[{"embeddable":true,"href":"https:\/\/acacef.com.br\/novo\/wp-json\/wp\/v2\/users\/1"}],"replies":[{"embeddable":true,"href":"https:\/\/acacef.com.br\/novo\/wp-json\/wp\/v2\/comments?post=753"}],"version-history":[{"count":23,"href":"https:\/\/acacef.com.br\/novo\/wp-json\/wp\/v2\/pages\/753\/revisions"}],"predecessor-version":[{"id":6734,"href":"https:\/\/acacef.com.br\/novo\/wp-json\/wp\/v2\/pages\/753\/revisions\/6734"}],"wp:attachment":[{"href":"https:\/\/acacef.com.br\/novo\/wp-json\/wp\/v2\/media?parent=753"}],"curies":[{"name":"wp","href":"https:\/\/api.w.org\/{rel}","templated":true}]}}