{"id":5329,"date":"2023-02-21T21:53:44","date_gmt":"2023-02-21T21:53:44","guid":{"rendered":"https:\/\/nacionalhost.com.br\/acacef\/?page_id=5329"},"modified":"2023-03-20T21:15:09","modified_gmt":"2023-03-20T21:15:09","slug":"star-turismo","status":"publish","type":"page","link":"https:\/\/acacef.com.br\/novo\/convenios\/star-turismo\/","title":{"rendered":"Star Turismo"},"content":{"rendered":"\t\t<div data-elementor-type=\"wp-page\" data-elementor-id=\"5329\" class=\"elementor elementor-5329\" data-elementor-post-type=\"page\">\n\t\t\t\t\t\t<section class=\"elementor-section elementor-top-section elementor-element elementor-element-d193a4a elementor-section-boxed elementor-section-height-default elementor-section-height-default\" data-id=\"d193a4a\" data-element_type=\"section\">\n\t\t\t\t\t\t<div class=\"elementor-container elementor-column-gap-default\">\n\t\t\t\t\t<div class=\"elementor-column elementor-col-100 elementor-top-column elementor-element elementor-element-50c4bb8 ot-flex-column-vertical\" data-id=\"50c4bb8\" data-element_type=\"column\">\n\t\t\t<div class=\"elementor-widget-wrap elementor-element-populated\">\n\t\t\t\t\t\t<div class=\"elementor-element elementor-element-d6adcf0 elementor-widget elementor-widget-spacer\" data-id=\"d6adcf0\" data-element_type=\"widget\" data-widget_type=\"spacer.default\">\n\t\t\t\t<div class=\"elementor-widget-container\">\n\t\t\t\t\t\t\t<div class=\"elementor-spacer\">\n\t\t\t<div class=\"elementor-spacer-inner\"><\/div>\n\t\t<\/div>\n\t\t\t\t\t\t<\/div>\n\t\t\t\t<\/div>\n\t\t\t\t<div class=\"elementor-element elementor-element-0f0f847 elementor-widget elementor-widget-image\" data-id=\"0f0f847\" data-element_type=\"widget\" data-widget_type=\"image.default\">\n\t\t\t\t<div class=\"elementor-widget-container\">\n\t\t\t\t\t\t\t\t\t\t\t\t\t\t\t<img fetchpriority=\"high\" decoding=\"async\" width=\"724\" height=\"483\" src=\"https:\/\/acacef.com.br\/novo\/wp-content\/uploads\/2023\/03\/original-dd8d2a012d9aa5400450144dec3fb46e.jpg\" class=\"attachment-full size-full wp-image-6681\" alt=\"\" srcset=\"https:\/\/acacef.com.br\/novo\/wp-content\/uploads\/2023\/03\/original-dd8d2a012d9aa5400450144dec3fb46e.jpg 724w, https:\/\/acacef.com.br\/novo\/wp-content\/uploads\/2023\/03\/original-dd8d2a012d9aa5400450144dec3fb46e-300x200.jpg 300w\" sizes=\"(max-width: 724px) 100vw, 724px\" \/>\t\t\t\t\t\t\t\t\t\t\t\t\t\t\t<\/div>\n\t\t\t\t<\/div>\n\t\t\t\t<div class=\"elementor-element elementor-element-260b944 elementor-widget elementor-widget-spacer\" data-id=\"260b944\" data-element_type=\"widget\" data-widget_type=\"spacer.default\">\n\t\t\t\t<div class=\"elementor-widget-container\">\n\t\t\t\t\t\t\t<div class=\"elementor-spacer\">\n\t\t\t<div class=\"elementor-spacer-inner\"><\/div>\n\t\t<\/div>\n\t\t\t\t\t\t<\/div>\n\t\t\t\t<\/div>\n\t\t\t\t<div class=\"elementor-element elementor-element-8f271af elementor-widget elementor-widget-text-editor\" data-id=\"8f271af\" data-element_type=\"widget\" data-widget_type=\"text-editor.default\">\n\t\t\t\t<div class=\"elementor-widget-container\">\n\t\t\t\t\t\t\t\t\t<p><span style=\"color: #333333; font-family: Titillium Web, sans-serif;\">A Star turismo \u00e9 uma ag\u00eancia que atua a 20 anos no setor de turismo de lazer em parceria com ACACEF oferecendo aos associados, pacotes de turismo em per\u00edodos Tematizados no qual voc\u00ea associado ter\u00e1 um tarif\u00e1rio bem atrativo, nos resorts parceiros da STAR TURISMO.&nbsp;<\/span><\/p>\n<p><span style=\"color: #333333; font-family: Titillium Web, sans-serif;\">Nossos parceiros:<\/span><\/p>\n<p><span style=\"color: #333333; font-family: Titillium Web, sans-serif;\"><b>SANTA CATARINA&nbsp; <\/b>&nbsp; &nbsp; &nbsp; &nbsp; &nbsp; &nbsp; &nbsp; &nbsp; &nbsp; &nbsp; &nbsp; &nbsp; &nbsp; &nbsp; &nbsp; &nbsp; &nbsp; &nbsp; &nbsp; &nbsp; &nbsp; &nbsp; &nbsp; &nbsp; &nbsp; &nbsp; &nbsp;&nbsp;<\/span><span style=\"color: #333333; font-family: 'Titillium Web', sans-serif;\"><b>RIO GRANDE DO SUL:<\/b><\/span><\/p>\n<div><span style=\"color: #333333; font-family: 'Titillium Web', sans-serif;\">Resort Costanho do Santinho&nbsp; &nbsp; &nbsp; &nbsp; &nbsp; &nbsp; &nbsp; &nbsp; &nbsp; &nbsp; &nbsp; &nbsp; &nbsp; &nbsp; &nbsp; &nbsp; &nbsp; &nbsp; &nbsp; &nbsp;<\/span><span style=\"color: #333333; font-family: 'Titillium Web', sans-serif;\">Resort Termas Romana<\/span><\/div>\n<p><span style=\"color: #333333; font-family: 'Titillium Web', sans-serif;\">Fazzenda Park Hotel&nbsp; &nbsp; &nbsp; &nbsp; &nbsp; &nbsp; &nbsp; &nbsp; &nbsp; &nbsp; &nbsp; &nbsp; &nbsp; &nbsp; &nbsp; &nbsp; &nbsp; &nbsp; &nbsp; &nbsp; &nbsp; &nbsp; &nbsp; &nbsp; &nbsp; &nbsp; &nbsp;<\/span><span style=\"color: #333333; font-family: 'Titillium Web', sans-serif;\">Machadinho Thermas Resort<\/span><\/p><p><span style=\"color: rgb(51, 51, 51); font-family: &quot;Titillium Web&quot;, sans-serif;\">It\u00e1 Thermas Resort e Spa<\/span><\/p>\n<p><span style=\"color: #333333; font-family: Titillium Web, sans-serif;\">Resort Plaza Caldas da Imperatriz<\/span><\/p>\n<p><span style=\"color: #333333; font-family: Titillium Web, sans-serif;\">Hotel Internacional de Gravatal<\/span><\/p>\n<p><span style=\"color: #333333; font-family: 'Titillium Web', sans-serif;\"><b>PARAN\u00c1:&nbsp; &nbsp; &nbsp; &nbsp; &nbsp; &nbsp; &nbsp; &nbsp; &nbsp; &nbsp; &nbsp; &nbsp; &nbsp; &nbsp; &nbsp; &nbsp; &nbsp; &nbsp; &nbsp; &nbsp; &nbsp; &nbsp; &nbsp; &nbsp; &nbsp; &nbsp; &nbsp; &nbsp; &nbsp; &nbsp; &nbsp; &nbsp; &nbsp; &nbsp; &nbsp; &nbsp;&nbsp;<\/b><\/span><span style=\"color: rgb(51, 51, 51); font-family: &quot;Titillium Web&quot;, sans-serif; font-weight: 700;\">NORDESTE:&nbsp;<\/span><span style=\"color: rgb(51, 51, 51); font-family: &quot;Titillium Web&quot;, sans-serif; font-weight: 700;\">&nbsp;<\/span><\/p>\n<p><span style=\"color: #333333; font-family: Titillium Web, sans-serif;\">Jardins de Jurema Convention &amp; Termas Resort&nbsp; &nbsp; &nbsp; &nbsp; &nbsp; &nbsp;&nbsp;<\/span><span style=\"color: rgb(51, 51, 51); font-family: &quot;Titillium Web&quot;, sans-serif;\">Iberostar Selection Praia do Forte&nbsp; &#8211; All-Inclusive Resort&nbsp;<\/span><\/p>\n<p><span style=\"color: #333333; font-family: Titillium Web, sans-serif;\">Aguativa Golf Resort&nbsp; &nbsp; &nbsp; &nbsp; &nbsp; &nbsp; &nbsp; &nbsp; &nbsp; &nbsp; &nbsp; &nbsp; &nbsp; &nbsp; &nbsp; &nbsp; &nbsp; &nbsp; &nbsp; &nbsp; &nbsp; &nbsp; &nbsp; &nbsp; &nbsp; &nbsp; &nbsp; &nbsp;<\/span><span style=\"color: rgb(51, 51, 51); font-family: &quot;Titillium Web&quot;, sans-serif;\">Costa do Sau\u00edpe Parques e Resort\u00b4s&nbsp;<\/span><span style=\"color: rgb(51, 51, 51); font-family: &quot;Titillium Web&quot;, sans-serif;\">&nbsp;<\/span><\/p><p><span style=\"color: rgb(51, 51, 51); font-family: &quot;Titillium Web&quot;, sans-serif;\">&nbsp; &nbsp; &nbsp; &nbsp; &nbsp; &nbsp; &nbsp; &nbsp; &nbsp; &nbsp; &nbsp; &nbsp; &nbsp; &nbsp; &nbsp; &nbsp; &nbsp; &nbsp; &nbsp; &nbsp; &nbsp; &nbsp; &nbsp; &nbsp; &nbsp; &nbsp; &nbsp; &nbsp; &nbsp; &nbsp; &nbsp; &nbsp; &nbsp; &nbsp; &nbsp; &nbsp; &nbsp; &nbsp; &nbsp; &nbsp; &nbsp; &nbsp; &nbsp; &nbsp;&nbsp;<\/span><span style=\"color: rgb(51, 51, 51); font-family: &quot;Titillium Web&quot;, sans-serif;\">Grand Palladium Imbassa\u00ed Resort &amp; Spa<\/span><\/p><p><span style=\"color: rgb(51, 51, 51); font-family: &quot;Titillium Web&quot;, sans-serif;\">&nbsp; &nbsp; &nbsp; &nbsp; &nbsp; &nbsp; &nbsp; &nbsp; &nbsp; &nbsp; &nbsp; &nbsp; &nbsp; &nbsp; &nbsp; &nbsp; &nbsp; &nbsp; &nbsp; &nbsp; &nbsp; &nbsp; &nbsp; &nbsp; &nbsp; &nbsp; &nbsp; &nbsp; &nbsp; &nbsp; &nbsp; &nbsp; &nbsp; &nbsp; &nbsp; &nbsp; &nbsp; &nbsp; &nbsp; &nbsp; &nbsp; &nbsp; &nbsp; &nbsp;&nbsp;<\/span><span style=\"color: rgb(51, 51, 51); font-family: &quot;Titillium Web&quot;, sans-serif;\">Vila Gal\u00e9 Mar\u00e9s<\/span><\/p><p><span style=\"color: rgb(51, 51, 51); font-family: &quot;Titillium Web&quot;, sans-serif;\">&nbsp; &nbsp; &nbsp; &nbsp; &nbsp; &nbsp; &nbsp; &nbsp; &nbsp; &nbsp; &nbsp; &nbsp; &nbsp; &nbsp; &nbsp; &nbsp; &nbsp; &nbsp; &nbsp; &nbsp; &nbsp; &nbsp; &nbsp; &nbsp; &nbsp; &nbsp; &nbsp; &nbsp; &nbsp; &nbsp; &nbsp; &nbsp; &nbsp; &nbsp; &nbsp; &nbsp; &nbsp; &nbsp; &nbsp; &nbsp; &nbsp; &nbsp; &nbsp; &nbsp;&nbsp;<\/span><span style=\"color: rgb(51, 51, 51); font-family: &quot;Titillium Web&quot;, sans-serif;\">Bahia Plaza Hotel<\/span><\/p>\n<p><b>Para mais informa\u00e7\u00f5es sobre pacotes e valores entre em contato pelos telefones:<\/b><br><\/p>\n<p>48 9610-6059 ou 48 9146-3196<\/p>\t\t\t\t\t\t\t\t<\/div>\n\t\t\t\t<\/div>\n\t\t\t\t<div class=\"elementor-element elementor-element-d352a14 elementor-widget elementor-widget-spacer\" data-id=\"d352a14\" data-element_type=\"widget\" data-widget_type=\"spacer.default\">\n\t\t\t\t<div class=\"elementor-widget-container\">\n\t\t\t\t\t\t\t<div class=\"elementor-spacer\">\n\t\t\t<div class=\"elementor-spacer-inner\"><\/div>\n\t\t<\/div>\n\t\t\t\t\t\t<\/div>\n\t\t\t\t<\/div>\n\t\t\t\t\t<\/div>\n\t\t<\/div>\n\t\t\t\t\t<\/div>\n\t\t<\/section>\n\t\t\t\t<section class=\"elementor-section elementor-top-section elementor-element elementor-element-371a349 elementor-section-boxed elementor-section-height-default elementor-section-height-default\" data-id=\"371a349\" data-element_type=\"section\">\n\t\t\t\t\t\t<div class=\"elementor-container elementor-column-gap-default\">\n\t\t\t\t\t<div class=\"elementor-column elementor-col-33 elementor-top-column elementor-element elementor-element-70ddd12 ot-flex-column-vertical\" data-id=\"70ddd12\" data-element_type=\"column\">\n\t\t\t<div class=\"elementor-widget-wrap elementor-element-populated\">\n\t\t\t\t\t\t<div class=\"elementor-element elementor-element-86227a4 elementor-widget elementor-widget-spacer\" data-id=\"86227a4\" data-element_type=\"widget\" data-widget_type=\"spacer.default\">\n\t\t\t\t<div class=\"elementor-widget-container\">\n\t\t\t\t\t\t\t<div class=\"elementor-spacer\">\n\t\t\t<div class=\"elementor-spacer-inner\"><\/div>\n\t\t<\/div>\n\t\t\t\t\t\t<\/div>\n\t\t\t\t<\/div>\n\t\t\t\t<div class=\"elementor-element elementor-element-6618f70 elementor-widget elementor-widget-heading\" data-id=\"6618f70\" data-element_type=\"widget\" data-widget_type=\"heading.default\">\n\t\t\t\t<div class=\"elementor-widget-container\">\n\t\t\t\t\t<h2 class=\"elementor-heading-title elementor-size-default\">Informa\u00e7\u00f5es adicionais<\/h2>\t\t\t\t<\/div>\n\t\t\t\t<\/div>\n\t\t\t\t<div class=\"elementor-element elementor-element-1f76d93 elementor-widget elementor-widget-spacer\" data-id=\"1f76d93\" data-element_type=\"widget\" data-widget_type=\"spacer.default\">\n\t\t\t\t<div class=\"elementor-widget-container\">\n\t\t\t\t\t\t\t<div class=\"elementor-spacer\">\n\t\t\t<div class=\"elementor-spacer-inner\"><\/div>\n\t\t<\/div>\n\t\t\t\t\t\t<\/div>\n\t\t\t\t<\/div>\n\t\t\t\t<div class=\"elementor-element elementor-element-37ee398 elementor-widget elementor-widget-ibutton\" data-id=\"37ee398\" data-element_type=\"widget\" data-widget_type=\"ibutton.default\">\n\t\t\t\t<div class=\"elementor-widget-container\">\n\t\t\t\t\t\t\t<div class=\"ot-button\">\r\n\t\t\t<a href=\"https:\/\/agenciastarturismo.com.br\/\" class=\"octf-btn octf-btn-primary octf-btn-icon\"><span>Ir para o site<i class=\"flaticon-right-arrow-1\"><\/i><\/span> \r\n\t\t\t\t\t\t\t<\/a>\r\n\t    <\/div>\r\n\t    \t\t\t\t<\/div>\n\t\t\t\t<\/div>\n\t\t\t\t\t<\/div>\n\t\t<\/div>\n\t\t\t\t<div class=\"elementor-column elementor-col-66 elementor-top-column elementor-element elementor-element-9f732b8 ot-flex-column-vertical\" data-id=\"9f732b8\" data-element_type=\"column\">\n\t\t\t<div class=\"elementor-widget-wrap\">\n\t\t\t\t\t\t\t<\/div>\n\t\t<\/div>\n\t\t\t\t\t<\/div>\n\t\t<\/section>\n\t\t\t\t<\/div>\n\t\t","protected":false},"excerpt":{"rendered":"<p>A Star turismo \u00e9 uma ag\u00eancia que atua a 20 anos no setor de turismo de lazer em parceria com ACACEF oferecendo aos associados, pacotes de turismo em per\u00edodos Tematizados no qual voc\u00ea associado ter\u00e1 um tarif\u00e1rio bem atrativo, nos resorts parceiros da STAR TURISMO.&nbsp; Nossos parceiros: SANTA CATARINA&nbsp; &nbsp; &nbsp; &nbsp; &nbsp; &nbsp; &nbsp; [&hellip;]<\/p>\n","protected":false},"author":1,"featured_media":0,"parent":5320,"menu_order":0,"comment_status":"closed","ping_status":"closed","template":"","meta":{"footnotes":""},"class_list":["post-5329","page","type-page","status-publish","hentry"],"_links":{"self":[{"href":"https:\/\/acacef.com.br\/novo\/wp-json\/wp\/v2\/pages\/5329","targetHints":{"allow":["GET"]}}],"collection":[{"href":"https:\/\/acacef.com.br\/novo\/wp-json\/wp\/v2\/pages"}],"about":[{"href":"https:\/\/acacef.com.br\/novo\/wp-json\/wp\/v2\/types\/page"}],"author":[{"embeddable":true,"href":"https:\/\/acacef.com.br\/novo\/wp-json\/wp\/v2\/users\/1"}],"replies":[{"embeddable":true,"href":"https:\/\/acacef.com.br\/novo\/wp-json\/wp\/v2\/comments?post=5329"}],"version-history":[{"count":32,"href":"https:\/\/acacef.com.br\/novo\/wp-json\/wp\/v2\/pages\/5329\/revisions"}],"predecessor-version":[{"id":6817,"href":"https:\/\/acacef.com.br\/novo\/wp-json\/wp\/v2\/pages\/5329\/revisions\/6817"}],"up":[{"embeddable":true,"href":"https:\/\/acacef.com.br\/novo\/wp-json\/wp\/v2\/pages\/5320"}],"wp:attachment":[{"href":"https:\/\/acacef.com.br\/novo\/wp-json\/wp\/v2\/media?parent=5329"}],"curies":[{"name":"wp","href":"https:\/\/api.w.org\/{rel}","templated":true}]}}