{"id":5099,"date":"2023-01-26T15:41:31","date_gmt":"2023-01-26T15:41:31","guid":{"rendered":"https:\/\/nacionalhost.com.br\/acacef\/?page_id=5099"},"modified":"2023-05-04T19:28:04","modified_gmt":"2023-05-04T19:28:04","slug":"regionais","status":"publish","type":"page","link":"https:\/\/acacef.com.br\/novo\/regionais\/","title":{"rendered":"Regionais"},"content":{"rendered":"\t\t<div data-elementor-type=\"wp-page\" data-elementor-id=\"5099\" class=\"elementor elementor-5099\" data-elementor-post-type=\"page\">\n\t\t\t\t\t\t<section class=\"elementor-section elementor-top-section elementor-element elementor-element-f3679cf elementor-section-boxed elementor-section-height-default elementor-section-height-default\" data-id=\"f3679cf\" data-element_type=\"section\">\n\t\t\t\t\t\t<div class=\"elementor-container elementor-column-gap-default\">\n\t\t\t\t\t<div class=\"elementor-column elementor-col-100 elementor-top-column elementor-element elementor-element-da59963 ot-flex-column-vertical\" data-id=\"da59963\" data-element_type=\"column\">\n\t\t\t<div class=\"elementor-widget-wrap elementor-element-populated\">\n\t\t\t\t\t\t<div class=\"elementor-element elementor-element-3fffac7 elementor-widget elementor-widget-spacer\" data-id=\"3fffac7\" data-element_type=\"widget\" data-widget_type=\"spacer.default\">\n\t\t\t\t<div class=\"elementor-widget-container\">\n\t\t\t\t\t\t\t<div class=\"elementor-spacer\">\n\t\t\t<div class=\"elementor-spacer-inner\"><\/div>\n\t\t<\/div>\n\t\t\t\t\t\t<\/div>\n\t\t\t\t<\/div>\n\t\t\t\t\t<\/div>\n\t\t<\/div>\n\t\t\t\t\t<\/div>\n\t\t<\/section>\n\t\t\t\t<section class=\"elementor-section elementor-top-section elementor-element elementor-element-4bf25e7 elementor-section-boxed elementor-section-height-default elementor-section-height-default\" data-id=\"4bf25e7\" data-element_type=\"section\">\n\t\t\t\t\t\t<div class=\"elementor-container elementor-column-gap-default\">\n\t\t\t\t\t<div class=\"elementor-column elementor-col-50 elementor-top-column elementor-element elementor-element-9ba3876 ot-flex-column-vertical\" data-id=\"9ba3876\" data-element_type=\"column\">\n\t\t\t<div class=\"elementor-widget-wrap elementor-element-populated\">\n\t\t\t\t\t\t<div class=\"elementor-element elementor-element-2dfc671 elementor-widget elementor-widget-iservice_box\" data-id=\"2dfc671\" data-element_type=\"widget\" data-widget_type=\"iservice_box.default\">\n\t\t\t\t<div class=\"elementor-widget-container\">\n\t\t\t\t\t\r\n\t\t\t\t<div class=\"service-box s-box elementor-animation-\">\r\n\t\t\t<div class=\"overlay\"><\/div>\r\n\t        <span class=\"big-number\">Sul<\/span>\r\n\t\t\t\t\t\t<div class=\"number-box\">\r\n\t\t        Sul\t        <\/div>\r\n\t        \t        <div class=\"content-box\">\r\n\t            <h5 class=\"service-box-title\">Tubar\u00e3o<\/h5>\r\n\t            <p><strong>JOSE ANTONIO DA SILVA WENDHAUSEN\nADELCIR MARIA LOPES<\/strong><br>\nCidades que fazem parte da regional: Tubar\u00e3o, Orleans, Bra\u00e7o do Norte, Gravatal, Capivari de Baixo; Armaz\u00e9m; Jaguaruna.<\/p>\r\n\t        <\/div>\r\n\t    <\/div>\r\n\t    \r\n\t    \t\t\t\t<\/div>\n\t\t\t\t<\/div>\n\t\t\t\t\t<\/div>\n\t\t<\/div>\n\t\t\t\t<div class=\"elementor-column elementor-col-50 elementor-top-column elementor-element elementor-element-cd661ea ot-flex-column-vertical\" data-id=\"cd661ea\" data-element_type=\"column\">\n\t\t\t<div class=\"elementor-widget-wrap elementor-element-populated\">\n\t\t\t\t\t\t<div class=\"elementor-element elementor-element-ecbeb99 elementor-widget elementor-widget-iservice_box\" data-id=\"ecbeb99\" data-element_type=\"widget\" data-widget_type=\"iservice_box.default\">\n\t\t\t\t<div class=\"elementor-widget-container\">\n\t\t\t\t\t\r\n\t\t\t\t<div class=\"service-box s-box elementor-animation-\">\r\n\t\t\t<div class=\"overlay\"><\/div>\r\n\t        <span class=\"big-number\">Sul<\/span>\r\n\t\t\t\t\t\t<div class=\"number-box\">\r\n\t\t        Sul\t        <\/div>\r\n\t        \t        <div class=\"content-box\">\r\n\t            <h5 class=\"service-box-title\">Crici\u00fama<\/h5>\r\n\t            <p>\n<strong>DIANA DE LORENZI CANCELLIER<br>\nVILSON BECKER FAVARO<\/strong><br>\nCidades que fazem parte da regional: Crici\u00fama, Urussanga, Ararangu\u00e1, Sider\u00f3polis, Sombrio, Turvo, Nova Veneza.<\/p>\r\n\t        <\/div>\r\n\t    <\/div>\r\n\t    \r\n\t    \t\t\t\t<\/div>\n\t\t\t\t<\/div>\n\t\t\t\t\t<\/div>\n\t\t<\/div>\n\t\t\t\t\t<\/div>\n\t\t<\/section>\n\t\t\t\t<section class=\"elementor-section elementor-top-section elementor-element elementor-element-676a62f elementor-section-boxed elementor-section-height-default elementor-section-height-default\" data-id=\"676a62f\" data-element_type=\"section\">\n\t\t\t\t\t\t<div class=\"elementor-container elementor-column-gap-default\">\n\t\t\t\t\t<div class=\"elementor-column elementor-col-50 elementor-top-column elementor-element elementor-element-94b8a37 ot-flex-column-vertical\" data-id=\"94b8a37\" data-element_type=\"column\">\n\t\t\t<div class=\"elementor-widget-wrap elementor-element-populated\">\n\t\t\t\t\t\t<div class=\"elementor-element elementor-element-2328947 elementor-widget elementor-widget-spacer\" data-id=\"2328947\" data-element_type=\"widget\" data-widget_type=\"spacer.default\">\n\t\t\t\t<div class=\"elementor-widget-container\">\n\t\t\t\t\t\t\t<div class=\"elementor-spacer\">\n\t\t\t<div class=\"elementor-spacer-inner\"><\/div>\n\t\t<\/div>\n\t\t\t\t\t\t<\/div>\n\t\t\t\t<\/div>\n\t\t\t\t<div class=\"elementor-element elementor-element-ed52943 elementor-widget elementor-widget-iservice_box\" data-id=\"ed52943\" data-element_type=\"widget\" data-widget_type=\"iservice_box.default\">\n\t\t\t\t<div class=\"elementor-widget-container\">\n\t\t\t\t\t\r\n\t\t\t\t<div class=\"service-box s-box elementor-animation-\">\r\n\t\t\t<div class=\"overlay\"><\/div>\r\n\t        <span class=\"big-number\">Litoral<\/span>\r\n\t\t\t\t\t\t<div class=\"number-box\">\r\n\t\t        Litoral\t        <\/div>\r\n\t        \t        <div class=\"content-box\">\r\n\t            <h5 class=\"service-box-title\">Balne\u00e1rio Cambori\u00fa<\/h5>\r\n\t            <p><strong>LORELIZE T. DE BARBA CENTURIOM<br>\nZENAIDE FESTA BARLETE\n<\/strong><br>\nCidades que fazem parte da regional: Balne\u00e1rio Cambori\u00fa, Itapema, Porto Belo e Bombinhas.<\/p>\r\n\t        <\/div>\r\n\t    <\/div>\r\n\t    \r\n\t    \t\t\t\t<\/div>\n\t\t\t\t<\/div>\n\t\t\t\t\t<\/div>\n\t\t<\/div>\n\t\t\t\t<div class=\"elementor-column elementor-col-50 elementor-top-column elementor-element elementor-element-e3a0773 ot-flex-column-vertical\" data-id=\"e3a0773\" data-element_type=\"column\">\n\t\t\t<div class=\"elementor-widget-wrap elementor-element-populated\">\n\t\t\t\t\t\t<div class=\"elementor-element elementor-element-0cc0e2c elementor-widget elementor-widget-spacer\" data-id=\"0cc0e2c\" data-element_type=\"widget\" data-widget_type=\"spacer.default\">\n\t\t\t\t<div class=\"elementor-widget-container\">\n\t\t\t\t\t\t\t<div class=\"elementor-spacer\">\n\t\t\t<div class=\"elementor-spacer-inner\"><\/div>\n\t\t<\/div>\n\t\t\t\t\t\t<\/div>\n\t\t\t\t<\/div>\n\t\t\t\t<div class=\"elementor-element elementor-element-3dac286 elementor-widget elementor-widget-iservice_box\" data-id=\"3dac286\" data-element_type=\"widget\" data-widget_type=\"iservice_box.default\">\n\t\t\t\t<div class=\"elementor-widget-container\">\n\t\t\t\t\t\r\n\t\t\t\t<div class=\"service-box s-box elementor-animation-\">\r\n\t\t\t<div class=\"overlay\"><\/div>\r\n\t        <span class=\"big-number\">Sul<\/span>\r\n\t\t\t\t\t\t<div class=\"number-box\">\r\n\t\t        Sul\t        <\/div>\r\n\t        \t        <div class=\"content-box\">\r\n\t            <h5 class=\"service-box-title\">Laguna<\/h5>\r\n\t            <p>\n<strong>RAQUEL RITA CARDOSO<br>\nMARIANGELA SCHIFFLER LOPES<\/strong><br>\nCidades que fazem parte da regional: Laguna, Imbituba.<\/p>\r\n\t        <\/div>\r\n\t    <\/div>\r\n\t    \r\n\t    \t\t\t\t<\/div>\n\t\t\t\t<\/div>\n\t\t\t\t\t<\/div>\n\t\t<\/div>\n\t\t\t\t\t<\/div>\n\t\t<\/section>\n\t\t\t\t<section class=\"elementor-section elementor-top-section elementor-element elementor-element-b3c2004 elementor-section-boxed elementor-section-height-default elementor-section-height-default\" data-id=\"b3c2004\" data-element_type=\"section\">\n\t\t\t\t\t\t<div class=\"elementor-container elementor-column-gap-default\">\n\t\t\t\t\t<div class=\"elementor-column elementor-col-50 elementor-top-column elementor-element elementor-element-690cf24 ot-flex-column-vertical\" data-id=\"690cf24\" data-element_type=\"column\">\n\t\t\t<div class=\"elementor-widget-wrap elementor-element-populated\">\n\t\t\t\t\t\t<div class=\"elementor-element elementor-element-fbfde64 elementor-widget elementor-widget-spacer\" data-id=\"fbfde64\" data-element_type=\"widget\" data-widget_type=\"spacer.default\">\n\t\t\t\t<div class=\"elementor-widget-container\">\n\t\t\t\t\t\t\t<div class=\"elementor-spacer\">\n\t\t\t<div class=\"elementor-spacer-inner\"><\/div>\n\t\t<\/div>\n\t\t\t\t\t\t<\/div>\n\t\t\t\t<\/div>\n\t\t\t\t<div class=\"elementor-element elementor-element-153ae10 elementor-widget elementor-widget-iservice_box\" data-id=\"153ae10\" data-element_type=\"widget\" data-widget_type=\"iservice_box.default\">\n\t\t\t\t<div class=\"elementor-widget-container\">\n\t\t\t\t\t\r\n\t\t\t\t<div class=\"service-box s-box elementor-animation-\">\r\n\t\t\t<div class=\"overlay\"><\/div>\r\n\t        <span class=\"big-number\">Oeste<\/span>\r\n\t\t\t\t\t\t<div class=\"number-box\">\r\n\t\t        Oeste\t        <\/div>\r\n\t        \t        <div class=\"content-box\">\r\n\t            <h5 class=\"service-box-title\">Joa\u00e7aba<\/h5>\r\n\t            <p><strong>Seja um representante ACACEF da regional de Joa\u00e7aba.\n<\/strong><br>\nCidades que fazem parte da regional: Joa\u00e7aba, Campos Novos, Capinzal, Catanduva, Piratuba; Herval d\u2019Oeste, Conc\u00f3rdia.<\/p>\r\n\t        <\/div>\r\n\t    <\/div>\r\n\t    \r\n\t    \t\t\t\t<\/div>\n\t\t\t\t<\/div>\n\t\t\t\t\t<\/div>\n\t\t<\/div>\n\t\t\t\t<div class=\"elementor-column elementor-col-50 elementor-top-column elementor-element elementor-element-308f63b ot-flex-column-vertical\" data-id=\"308f63b\" data-element_type=\"column\">\n\t\t\t<div class=\"elementor-widget-wrap elementor-element-populated\">\n\t\t\t\t\t\t<div class=\"elementor-element elementor-element-7f410ab elementor-widget elementor-widget-spacer\" data-id=\"7f410ab\" data-element_type=\"widget\" data-widget_type=\"spacer.default\">\n\t\t\t\t<div class=\"elementor-widget-container\">\n\t\t\t\t\t\t\t<div class=\"elementor-spacer\">\n\t\t\t<div class=\"elementor-spacer-inner\"><\/div>\n\t\t<\/div>\n\t\t\t\t\t\t<\/div>\n\t\t\t\t<\/div>\n\t\t\t\t<div class=\"elementor-element elementor-element-2a7a6fc elementor-widget elementor-widget-iservice_box\" data-id=\"2a7a6fc\" data-element_type=\"widget\" data-widget_type=\"iservice_box.default\">\n\t\t\t\t<div class=\"elementor-widget-container\">\n\t\t\t\t\t\r\n\t\t\t\t<div class=\"service-box s-box elementor-animation-\">\r\n\t\t\t<div class=\"overlay\"><\/div>\r\n\t        <span class=\"big-number\">Vale<\/span>\r\n\t\t\t\t\t\t<div class=\"number-box\">\r\n\t\t        Vale\t        <\/div>\r\n\t        \t        <div class=\"content-box\">\r\n\t            <h5 class=\"service-box-title\">Blumenau<\/h5>\r\n\t            <p><strong>RAIMUNDO FRANZOI<br>\nDIONISIO SERGIO MASSON<br>ELISABETE DIAS NEVES<\/strong><br>\nCidades que fazem parte da regional: Blumenau, Brusque, Gaspar, Indaial, Pomerode, Timb\u00f3, Ibirama, Rio do Sul, Taio, Nova Trento, Ituporanga.   <\/p>\r\n\t        <\/div>\r\n\t    <\/div>\r\n\t    \r\n\t    \t\t\t\t<\/div>\n\t\t\t\t<\/div>\n\t\t\t\t\t<\/div>\n\t\t<\/div>\n\t\t\t\t\t<\/div>\n\t\t<\/section>\n\t\t\t\t<section class=\"elementor-section elementor-top-section elementor-element elementor-element-a088624 elementor-section-boxed elementor-section-height-default elementor-section-height-default\" data-id=\"a088624\" data-element_type=\"section\">\n\t\t\t\t\t\t<div class=\"elementor-container elementor-column-gap-default\">\n\t\t\t\t\t<div class=\"elementor-column elementor-col-50 elementor-top-column elementor-element elementor-element-288b845 ot-flex-column-vertical\" data-id=\"288b845\" data-element_type=\"column\">\n\t\t\t<div class=\"elementor-widget-wrap elementor-element-populated\">\n\t\t\t\t\t\t<div class=\"elementor-element elementor-element-b329487 elementor-widget elementor-widget-spacer\" data-id=\"b329487\" data-element_type=\"widget\" data-widget_type=\"spacer.default\">\n\t\t\t\t<div class=\"elementor-widget-container\">\n\t\t\t\t\t\t\t<div class=\"elementor-spacer\">\n\t\t\t<div class=\"elementor-spacer-inner\"><\/div>\n\t\t<\/div>\n\t\t\t\t\t\t<\/div>\n\t\t\t\t<\/div>\n\t\t\t\t<div class=\"elementor-element elementor-element-1fbeef0 elementor-widget elementor-widget-iservice_box\" data-id=\"1fbeef0\" data-element_type=\"widget\" data-widget_type=\"iservice_box.default\">\n\t\t\t\t<div class=\"elementor-widget-container\">\n\t\t\t\t\t\r\n\t\t\t\t<div class=\"service-box s-box elementor-animation-\">\r\n\t\t\t<div class=\"overlay\"><\/div>\r\n\t        <span class=\"big-number\">Norte<\/span>\r\n\t\t\t\t\t\t<div class=\"number-box\">\r\n\t\t        Norte\t        <\/div>\r\n\t        \t        <div class=\"content-box\">\r\n\t            <h5 class=\"service-box-title\">Joinville<\/h5>\r\n\t            <p><strong>ROBERTO LUIZ CARNEIRO<br>\nSANDRA NUNES DE OLIVEIRA GERONAZZO<\/strong><br>\nCidades que fazem parte da regional: Joinville, Barra Velha, Pi\u00e7arras, S\u00e3o Francisco do Sul, Guaramirim, Corup\u00e1, Jaragu\u00e1 do Su, S\u00e3o Bento do Sul, Itapo\u00e1.<\/p>\r\n\t        <\/div>\r\n\t    <\/div>\r\n\t    \r\n\t    \t\t\t\t<\/div>\n\t\t\t\t<\/div>\n\t\t\t\t\t<\/div>\n\t\t<\/div>\n\t\t\t\t<div class=\"elementor-column elementor-col-50 elementor-top-column elementor-element elementor-element-d16024f ot-flex-column-vertical\" data-id=\"d16024f\" data-element_type=\"column\">\n\t\t\t<div class=\"elementor-widget-wrap elementor-element-populated\">\n\t\t\t\t\t\t<div class=\"elementor-element elementor-element-4389b91 elementor-widget elementor-widget-spacer\" data-id=\"4389b91\" data-element_type=\"widget\" data-widget_type=\"spacer.default\">\n\t\t\t\t<div class=\"elementor-widget-container\">\n\t\t\t\t\t\t\t<div class=\"elementor-spacer\">\n\t\t\t<div class=\"elementor-spacer-inner\"><\/div>\n\t\t<\/div>\n\t\t\t\t\t\t<\/div>\n\t\t\t\t<\/div>\n\t\t\t\t<div class=\"elementor-element elementor-element-d523028 elementor-widget elementor-widget-iservice_box\" data-id=\"d523028\" data-element_type=\"widget\" data-widget_type=\"iservice_box.default\">\n\t\t\t\t<div class=\"elementor-widget-container\">\n\t\t\t\t\t\r\n\t\t\t\t<div class=\"service-box s-box elementor-animation-\">\r\n\t\t\t<div class=\"overlay\"><\/div>\r\n\t        <span class=\"big-number\">Vale<\/span>\r\n\t\t\t\t\t\t<div class=\"number-box\">\r\n\t\t        Vale\t        <\/div>\r\n\t        \t        <div class=\"content-box\">\r\n\t            <h5 class=\"service-box-title\">Itaja\u00ed<\/h5>\r\n\t            <p><strong>BERNADETE VARGAS<br>\nRAQUEL SANTOS<\/strong><br>\nCidades que fazem parte da regional: Itaja\u00ed, Navegantes, Penha.<\/p>\r\n\t        <\/div>\r\n\t    <\/div>\r\n\t    \r\n\t    \t\t\t\t<\/div>\n\t\t\t\t<\/div>\n\t\t\t\t\t<\/div>\n\t\t<\/div>\n\t\t\t\t\t<\/div>\n\t\t<\/section>\n\t\t\t\t<section class=\"elementor-section elementor-top-section elementor-element elementor-element-997ecfe elementor-section-boxed elementor-section-height-default elementor-section-height-default\" data-id=\"997ecfe\" data-element_type=\"section\">\n\t\t\t\t\t\t<div class=\"elementor-container elementor-column-gap-default\">\n\t\t\t\t\t<div class=\"elementor-column elementor-col-50 elementor-top-column elementor-element elementor-element-6f934ee ot-flex-column-vertical\" data-id=\"6f934ee\" data-element_type=\"column\">\n\t\t\t<div class=\"elementor-widget-wrap elementor-element-populated\">\n\t\t\t\t\t\t<div class=\"elementor-element elementor-element-9c1d62d elementor-widget elementor-widget-spacer\" data-id=\"9c1d62d\" data-element_type=\"widget\" data-widget_type=\"spacer.default\">\n\t\t\t\t<div class=\"elementor-widget-container\">\n\t\t\t\t\t\t\t<div class=\"elementor-spacer\">\n\t\t\t<div class=\"elementor-spacer-inner\"><\/div>\n\t\t<\/div>\n\t\t\t\t\t\t<\/div>\n\t\t\t\t<\/div>\n\t\t\t\t<div class=\"elementor-element elementor-element-184d924 elementor-widget elementor-widget-iservice_box\" data-id=\"184d924\" data-element_type=\"widget\" data-widget_type=\"iservice_box.default\">\n\t\t\t\t<div class=\"elementor-widget-container\">\n\t\t\t\t\t\r\n\t\t\t\t<div class=\"service-box s-box elementor-animation-\">\r\n\t\t\t<div class=\"overlay\"><\/div>\r\n\t        <span class=\"big-number\">Serra<\/span>\r\n\t\t\t\t\t\t<div class=\"number-box\">\r\n\t\t        Serra\t        <\/div>\r\n\t        \t        <div class=\"content-box\">\r\n\t            <h5 class=\"service-box-title\">Lages<\/h5>\r\n\t            <p><strong>JOSE MAXIMILIANO CAPPELLETTI BATALHA<br>\nMARILDE APARECIDA MARSCHALL<\/strong><br>\nCidades que fazem parte da regional: Lages, Urubici, S\u00e3o Joaquim, Correia Pinto, Curitibanos.<\/p>\r\n\t        <\/div>\r\n\t    <\/div>\r\n\t    \r\n\t    \t\t\t\t<\/div>\n\t\t\t\t<\/div>\n\t\t\t\t\t<\/div>\n\t\t<\/div>\n\t\t\t\t<div class=\"elementor-column elementor-col-50 elementor-top-column elementor-element elementor-element-4160d12 ot-flex-column-vertical\" data-id=\"4160d12\" data-element_type=\"column\">\n\t\t\t<div class=\"elementor-widget-wrap elementor-element-populated\">\n\t\t\t\t\t\t<div class=\"elementor-element elementor-element-f9d42de elementor-widget elementor-widget-spacer\" data-id=\"f9d42de\" data-element_type=\"widget\" data-widget_type=\"spacer.default\">\n\t\t\t\t<div class=\"elementor-widget-container\">\n\t\t\t\t\t\t\t<div class=\"elementor-spacer\">\n\t\t\t<div class=\"elementor-spacer-inner\"><\/div>\n\t\t<\/div>\n\t\t\t\t\t\t<\/div>\n\t\t\t\t<\/div>\n\t\t\t\t<div class=\"elementor-element elementor-element-4c43997 elementor-widget elementor-widget-iservice_box\" data-id=\"4c43997\" data-element_type=\"widget\" data-widget_type=\"iservice_box.default\">\n\t\t\t\t<div class=\"elementor-widget-container\">\n\t\t\t\t\t\r\n\t\t\t\t<div class=\"service-box s-box elementor-animation-\">\r\n\t\t\t<div class=\"overlay\"><\/div>\r\n\t        <span class=\"big-number\">Oeste<\/span>\r\n\t\t\t\t\t\t<div class=\"number-box\">\r\n\t\t        Oeste\t        <\/div>\r\n\t        \t        <div class=\"content-box\">\r\n\t            <h5 class=\"service-box-title\">Chapec\u00f3<\/h5>\r\n\t            <p><strong>VILMAR LUIZ MARTIELLO<\/strong><br>\nCidades que fazem parte da regional: Xaxim e Xanxer\u00ea, S\u00e3o Miguel do Oeste, Maravilha, Pinhalzinho, Abelardo Luz, Coronel Freitas.<\/p>\r\n\t        <\/div>\r\n\t    <\/div>\r\n\t    \r\n\t    \t\t\t\t<\/div>\n\t\t\t\t<\/div>\n\t\t\t\t\t<\/div>\n\t\t<\/div>\n\t\t\t\t\t<\/div>\n\t\t<\/section>\n\t\t\t\t<section class=\"elementor-section elementor-top-section elementor-element elementor-element-57035ae elementor-section-boxed elementor-section-height-default elementor-section-height-default\" data-id=\"57035ae\" data-element_type=\"section\">\n\t\t\t\t\t\t<div class=\"elementor-container elementor-column-gap-default\">\n\t\t\t\t\t<div class=\"elementor-column elementor-col-50 elementor-top-column elementor-element elementor-element-398b628 ot-flex-column-vertical\" data-id=\"398b628\" data-element_type=\"column\">\n\t\t\t<div class=\"elementor-widget-wrap elementor-element-populated\">\n\t\t\t\t\t\t<div class=\"elementor-element elementor-element-d7ef3b7 elementor-widget elementor-widget-spacer\" data-id=\"d7ef3b7\" data-element_type=\"widget\" data-widget_type=\"spacer.default\">\n\t\t\t\t<div class=\"elementor-widget-container\">\n\t\t\t\t\t\t\t<div class=\"elementor-spacer\">\n\t\t\t<div class=\"elementor-spacer-inner\"><\/div>\n\t\t<\/div>\n\t\t\t\t\t\t<\/div>\n\t\t\t\t<\/div>\n\t\t\t\t\t<\/div>\n\t\t<\/div>\n\t\t\t\t<div class=\"elementor-column elementor-col-50 elementor-top-column elementor-element elementor-element-bfa8bd0 ot-flex-column-vertical\" data-id=\"bfa8bd0\" data-element_type=\"column\">\n\t\t\t<div class=\"elementor-widget-wrap elementor-element-populated\">\n\t\t\t\t\t\t<div class=\"elementor-element elementor-element-fc78df5 elementor-widget elementor-widget-spacer\" data-id=\"fc78df5\" data-element_type=\"widget\" data-widget_type=\"spacer.default\">\n\t\t\t\t<div class=\"elementor-widget-container\">\n\t\t\t\t\t\t\t<div class=\"elementor-spacer\">\n\t\t\t<div class=\"elementor-spacer-inner\"><\/div>\n\t\t<\/div>\n\t\t\t\t\t\t<\/div>\n\t\t\t\t<\/div>\n\t\t\t\t<div class=\"elementor-element elementor-element-7df3e87 elementor-widget elementor-widget-iservice_box\" data-id=\"7df3e87\" data-element_type=\"widget\" data-widget_type=\"iservice_box.default\">\n\t\t\t\t<div class=\"elementor-widget-container\">\n\t\t\t\t\t\r\n\t\t\t\t<div class=\"service-box s-box elementor-animation-\">\r\n\t\t\t<div class=\"overlay\"><\/div>\r\n\t        <span class=\"big-number\">Oeste<\/span>\r\n\t\t\t\t\t\t<div class=\"number-box\">\r\n\t\t        Oeste\t        <\/div>\r\n\t        \t        <div class=\"content-box\">\r\n\t            <h5 class=\"service-box-title\">VIDEIRA<\/h5>\r\n\t            <p><strong>     <\/strong><br>\nCidades que fazem parte da regional: Ca\u00e7ador, Fraiburgo, Santa Cec\u00edlia, Tangar\u00e1. <\/p>\r\n\t        <\/div>\r\n\t    <\/div>\r\n\t    \r\n\t    \t\t\t\t<\/div>\n\t\t\t\t<\/div>\n\t\t\t\t\t<\/div>\n\t\t<\/div>\n\t\t\t\t\t<\/div>\n\t\t<\/section>\n\t\t\t\t<section class=\"elementor-section elementor-top-section elementor-element elementor-element-75130ad elementor-section-boxed elementor-section-height-default elementor-section-height-default\" data-id=\"75130ad\" data-element_type=\"section\">\n\t\t\t\t\t\t<div class=\"elementor-container elementor-column-gap-default\">\n\t\t\t\t\t<div class=\"elementor-column elementor-col-100 elementor-top-column elementor-element elementor-element-280f7bb ot-flex-column-vertical\" data-id=\"280f7bb\" data-element_type=\"column\">\n\t\t\t<div class=\"elementor-widget-wrap\">\n\t\t\t\t\t\t\t<\/div>\n\t\t<\/div>\n\t\t\t\t\t<\/div>\n\t\t<\/section>\n\t\t\t\t<section class=\"elementor-section elementor-top-section elementor-element elementor-element-40d96b7 elementor-section-boxed elementor-section-height-default elementor-section-height-default\" data-id=\"40d96b7\" data-element_type=\"section\">\n\t\t\t\t\t\t<div class=\"elementor-container elementor-column-gap-default\">\n\t\t\t\t\t<div class=\"elementor-column elementor-col-100 elementor-top-column elementor-element elementor-element-35e9f4e ot-flex-column-vertical\" data-id=\"35e9f4e\" data-element_type=\"column\">\n\t\t\t<div class=\"elementor-widget-wrap elementor-element-populated\">\n\t\t\t\t\t\t<div class=\"elementor-element elementor-element-38b2dfe elementor-widget elementor-widget-spacer\" data-id=\"38b2dfe\" data-element_type=\"widget\" data-widget_type=\"spacer.default\">\n\t\t\t\t<div class=\"elementor-widget-container\">\n\t\t\t\t\t\t\t<div class=\"elementor-spacer\">\n\t\t\t<div class=\"elementor-spacer-inner\"><\/div>\n\t\t<\/div>\n\t\t\t\t\t\t<\/div>\n\t\t\t\t<\/div>\n\t\t\t\t\t<\/div>\n\t\t<\/div>\n\t\t\t\t\t<\/div>\n\t\t<\/section>\n\t\t\t\t<\/div>\n\t\t","protected":false},"excerpt":{"rendered":"<p>Sul Sul Tubar\u00e3o JOSE ANTONIO DA SILVA WENDHAUSEN ADELCIR MARIA LOPES Cidades que fazem parte da regional: Tubar\u00e3o, Orleans, Bra\u00e7o do Norte, Gravatal, Capivari de Baixo; Armaz\u00e9m; Jaguaruna. Sul Sul Crici\u00fama DIANA DE LORENZI CANCELLIER VILSON BECKER FAVARO Cidades que fazem parte da regional: Crici\u00fama, Urussanga, Ararangu\u00e1, Sider\u00f3polis, Sombrio, Turvo, Nova Veneza. Litoral Litoral Balne\u00e1rio [&hellip;]<\/p>\n","protected":false},"author":1,"featured_media":0,"parent":0,"menu_order":0,"comment_status":"closed","ping_status":"closed","template":"","meta":{"footnotes":""},"class_list":["post-5099","page","type-page","status-publish","hentry"],"_links":{"self":[{"href":"https:\/\/acacef.com.br\/novo\/wp-json\/wp\/v2\/pages\/5099","targetHints":{"allow":["GET"]}}],"collection":[{"href":"https:\/\/acacef.com.br\/novo\/wp-json\/wp\/v2\/pages"}],"about":[{"href":"https:\/\/acacef.com.br\/novo\/wp-json\/wp\/v2\/types\/page"}],"author":[{"embeddable":true,"href":"https:\/\/acacef.com.br\/novo\/wp-json\/wp\/v2\/users\/1"}],"replies":[{"embeddable":true,"href":"https:\/\/acacef.com.br\/novo\/wp-json\/wp\/v2\/comments?post=5099"}],"version-history":[{"count":43,"href":"https:\/\/acacef.com.br\/novo\/wp-json\/wp\/v2\/pages\/5099\/revisions"}],"predecessor-version":[{"id":7381,"href":"https:\/\/acacef.com.br\/novo\/wp-json\/wp\/v2\/pages\/5099\/revisions\/7381"}],"wp:attachment":[{"href":"https:\/\/acacef.com.br\/novo\/wp-json\/wp\/v2\/media?parent=5099"}],"curies":[{"name":"wp","href":"https:\/\/api.w.org\/{rel}","templated":true}]}}