{"id":11479,"date":"2026-04-24T19:04:29","date_gmt":"2026-04-24T19:04:29","guid":{"rendered":"https:\/\/acacef.com.br\/novo\/?page_id=11479"},"modified":"2026-04-24T19:10:21","modified_gmt":"2026-04-24T19:10:21","slug":"crematorio-vaticano-2","status":"publish","type":"page","link":"https:\/\/acacef.com.br\/novo\/convenios\/crematorio-vaticano-2\/","title":{"rendered":"Am\u00e1bile Home Care"},"content":{"rendered":"\t\t<div data-elementor-type=\"wp-page\" data-elementor-id=\"11479\" class=\"elementor elementor-11479\" data-elementor-post-type=\"page\">\n\t\t\t\t\t\t<section class=\"elementor-section elementor-top-section elementor-element elementor-element-d193a4a elementor-section-boxed elementor-section-height-default elementor-section-height-default\" data-id=\"d193a4a\" data-element_type=\"section\">\n\t\t\t\t\t\t<div class=\"elementor-container elementor-column-gap-default\">\n\t\t\t\t\t<div class=\"elementor-column elementor-col-100 elementor-top-column elementor-element elementor-element-50c4bb8 ot-flex-column-vertical\" data-id=\"50c4bb8\" data-element_type=\"column\">\n\t\t\t<div class=\"elementor-widget-wrap elementor-element-populated\">\n\t\t\t\t\t\t<div class=\"elementor-element elementor-element-d6adcf0 elementor-widget elementor-widget-spacer\" data-id=\"d6adcf0\" data-element_type=\"widget\" data-widget_type=\"spacer.default\">\n\t\t\t\t<div class=\"elementor-widget-container\">\n\t\t\t\t\t\t\t<div class=\"elementor-spacer\">\n\t\t\t<div class=\"elementor-spacer-inner\"><\/div>\n\t\t<\/div>\n\t\t\t\t\t\t<\/div>\n\t\t\t\t<\/div>\n\t\t\t\t<div class=\"elementor-element elementor-element-0f0f847 elementor-widget elementor-widget-image\" data-id=\"0f0f847\" data-element_type=\"widget\" data-widget_type=\"image.default\">\n\t\t\t\t<div class=\"elementor-widget-container\">\n\t\t\t\t\t\t\t\t\t\t\t\t\t\t\t<img fetchpriority=\"high\" decoding=\"async\" width=\"853\" height=\"684\" src=\"https:\/\/acacef.com.br\/novo\/wp-content\/uploads\/2026\/04\/215d28ba-c370-474b-91c5-0b7f823de8fd.jpg\" class=\"attachment-full size-full wp-image-11490\" alt=\"\" srcset=\"https:\/\/acacef.com.br\/novo\/wp-content\/uploads\/2026\/04\/215d28ba-c370-474b-91c5-0b7f823de8fd.jpg 853w, https:\/\/acacef.com.br\/novo\/wp-content\/uploads\/2026\/04\/215d28ba-c370-474b-91c5-0b7f823de8fd-300x241.jpg 300w, https:\/\/acacef.com.br\/novo\/wp-content\/uploads\/2026\/04\/215d28ba-c370-474b-91c5-0b7f823de8fd-768x616.jpg 768w\" sizes=\"(max-width: 853px) 100vw, 853px\" \/>\t\t\t\t\t\t\t\t\t\t\t\t\t\t\t<\/div>\n\t\t\t\t<\/div>\n\t\t\t\t<div class=\"elementor-element elementor-element-260b944 elementor-widget elementor-widget-spacer\" data-id=\"260b944\" data-element_type=\"widget\" data-widget_type=\"spacer.default\">\n\t\t\t\t<div class=\"elementor-widget-container\">\n\t\t\t\t\t\t\t<div class=\"elementor-spacer\">\n\t\t\t<div class=\"elementor-spacer-inner\"><\/div>\n\t\t<\/div>\n\t\t\t\t\t\t<\/div>\n\t\t\t\t<\/div>\n\t\t\t\t<div class=\"elementor-element elementor-element-c16567c elementor-widget elementor-widget-heading\" data-id=\"c16567c\" data-element_type=\"widget\" data-widget_type=\"heading.default\">\n\t\t\t\t<div class=\"elementor-widget-container\">\n\t\t\t\t\t<h2 class=\"elementor-heading-title elementor-size-default\">Am\u00e1bile Home Care \u2013 Cuidar \u00e9 o nosso compromisso!\n<\/h2>\t\t\t\t<\/div>\n\t\t\t\t<\/div>\n\t\t\t\t<div class=\"elementor-element elementor-element-18d91ce elementor-widget elementor-widget-spacer\" data-id=\"18d91ce\" data-element_type=\"widget\" data-widget_type=\"spacer.default\">\n\t\t\t\t<div class=\"elementor-widget-container\">\n\t\t\t\t\t\t\t<div class=\"elementor-spacer\">\n\t\t\t<div class=\"elementor-spacer-inner\"><\/div>\n\t\t<\/div>\n\t\t\t\t\t\t<\/div>\n\t\t\t\t<\/div>\n\t\t\t\t<div class=\"elementor-element elementor-element-8f271af elementor-widget elementor-widget-text-editor\" data-id=\"8f271af\" data-element_type=\"widget\" data-widget_type=\"text-editor.default\">\n\t\t\t\t<div class=\"elementor-widget-container\">\n\t\t\t\t\t\t\t\t\t<p><span style=\"font-family: 'Titillium Web', sans-serif; color: #333333;\">\u00a0<\/span><\/p><p><span style=\"color: #333333; font-family: 'Titillium Web', sans-serif;\">Voc\u00ea ou um familiar precisa de aten\u00e7\u00e3o profissional no conforto de casa?<br \/>A equipe Am\u00e1bile Home Care oferece atendimentos pontuais e assist\u00eancia domiciliar<br \/>cont\u00ednua, com todo o cuidado e seguran\u00e7a que a enfermagem pode proporcionar.<br \/>Atendimentos pontuais de enfermagem:<br \/>\u2714 Administra\u00e7\u00e3o de medicamentos (inje\u00e7\u00f5es, soroterapia e medica\u00e7\u00f5es cont\u00ednuas)<br \/>\u2714 Curativos, retirada de pontos e cuidados com feridas e escaras<br \/>\u2714 Banhos (de chuveiro ou no leito)<br \/>\u2714 Aferi\u00e7\u00e3o de sinais vitais e monitoramento domiciliar<br \/>\u2714 Cuidados com sondas, estomias, traqueostomias e cateteres<br \/>\u2714 Nebuliza\u00e7\u00e3o, aspira\u00e7\u00e3o de vias a\u00e9reas e aux\u00edlio em exames<br \/>\u2714 Cuidados pr\u00e9 e p\u00f3s-operat\u00f3rios<br \/>Atendimento de Home Care cont\u00ednuo:<br \/>\u2714 Avalia\u00e7\u00e3o e plano de cuidados elaborados por enfermeiro<br \/>\u2714 Assist\u00eancia integral para rec\u00e9m-nascidos, crian\u00e7as, adolescentes, idosos e pacientes<br \/>p\u00f3s-cir\u00fargicos ou acamados<br \/>\u2714 Atendimento especializado a pessoas com Alzheimer, Parkinson, ELA, AME, S\u00edndrome<br \/>de Werdnig-Hoffmann, entre outras condi\u00e7\u00f5es<br \/>\u2714 Planos de atendimento flex\u00edveis: plant\u00f5es de 8h, 12h ou 24h \u2013 personalizados conforme a<br \/>necessidade de cada paciente<br \/>Entre em contato para saber mais e agendar uma avalia\u00e7\u00e3o.<br \/>Am\u00e1bile Home Care \u2013 Assist\u00eancia de enfermagem domiciliar completa.<br \/>Parceria Acacef \u2013 valorizando o cuidado e a qualidade de vida.<\/span><\/p>\t\t\t\t\t\t\t\t<\/div>\n\t\t\t\t<\/div>\n\t\t\t\t<div class=\"elementor-element elementor-element-d352a14 elementor-widget elementor-widget-spacer\" data-id=\"d352a14\" data-element_type=\"widget\" data-widget_type=\"spacer.default\">\n\t\t\t\t<div class=\"elementor-widget-container\">\n\t\t\t\t\t\t\t<div class=\"elementor-spacer\">\n\t\t\t<div class=\"elementor-spacer-inner\"><\/div>\n\t\t<\/div>\n\t\t\t\t\t\t<\/div>\n\t\t\t\t<\/div>\n\t\t\t\t\t<\/div>\n\t\t<\/div>\n\t\t\t\t\t<\/div>\n\t\t<\/section>\n\t\t\t\t<section class=\"elementor-section elementor-top-section elementor-element elementor-element-371a349 elementor-section-boxed elementor-section-height-default elementor-section-height-default\" data-id=\"371a349\" data-element_type=\"section\">\n\t\t\t\t\t\t<div class=\"elementor-container elementor-column-gap-default\">\n\t\t\t\t\t<div class=\"elementor-column elementor-col-33 elementor-top-column elementor-element elementor-element-70ddd12 ot-flex-column-vertical\" data-id=\"70ddd12\" data-element_type=\"column\">\n\t\t\t<div class=\"elementor-widget-wrap elementor-element-populated\">\n\t\t\t\t\t\t<div class=\"elementor-element elementor-element-86227a4 elementor-widget elementor-widget-spacer\" data-id=\"86227a4\" data-element_type=\"widget\" data-widget_type=\"spacer.default\">\n\t\t\t\t<div class=\"elementor-widget-container\">\n\t\t\t\t\t\t\t<div class=\"elementor-spacer\">\n\t\t\t<div class=\"elementor-spacer-inner\"><\/div>\n\t\t<\/div>\n\t\t\t\t\t\t<\/div>\n\t\t\t\t<\/div>\n\t\t\t\t<div class=\"elementor-element elementor-element-6618f70 elementor-widget elementor-widget-heading\" data-id=\"6618f70\" data-element_type=\"widget\" data-widget_type=\"heading.default\">\n\t\t\t\t<div class=\"elementor-widget-container\">\n\t\t\t\t\t<h2 class=\"elementor-heading-title elementor-size-default\">Informa\u00e7\u00f5es adicionais<\/h2>\t\t\t\t<\/div>\n\t\t\t\t<\/div>\n\t\t\t\t<div class=\"elementor-element elementor-element-1f76d93 elementor-widget elementor-widget-spacer\" data-id=\"1f76d93\" data-element_type=\"widget\" data-widget_type=\"spacer.default\">\n\t\t\t\t<div class=\"elementor-widget-container\">\n\t\t\t\t\t\t\t<div class=\"elementor-spacer\">\n\t\t\t<div class=\"elementor-spacer-inner\"><\/div>\n\t\t<\/div>\n\t\t\t\t\t\t<\/div>\n\t\t\t\t<\/div>\n\t\t\t\t<div class=\"elementor-element elementor-element-37ee398 elementor-widget elementor-widget-ibutton\" data-id=\"37ee398\" data-element_type=\"widget\" data-widget_type=\"ibutton.default\">\n\t\t\t\t<div class=\"elementor-widget-container\">\n\t\t\t\t\t\t\t<div class=\"ot-button\">\r\n\t\t\t<a href=\"https:\/\/amabileenfermagem.com.br\/contato\/\" class=\"octf-btn octf-btn-primary octf-btn-icon\"><span>Mais Informa\u00e7\u00f5es<i class=\"flaticon-right-arrow-1\"><\/i><\/span> \r\n\t\t\t\t\t\t\t<\/a>\r\n\t    <\/div>\r\n\t    \t\t\t\t<\/div>\n\t\t\t\t<\/div>\n\t\t\t\t\t<\/div>\n\t\t<\/div>\n\t\t\t\t<div class=\"elementor-column elementor-col-66 elementor-top-column elementor-element elementor-element-9f732b8 ot-flex-column-vertical\" data-id=\"9f732b8\" data-element_type=\"column\">\n\t\t\t<div class=\"elementor-widget-wrap elementor-element-populated\">\n\t\t\t\t\t\t<div class=\"elementor-element elementor-element-c5299f9 elementor-widget elementor-widget-text-editor\" data-id=\"c5299f9\" data-element_type=\"widget\" data-widget_type=\"text-editor.default\">\n\t\t\t\t<div class=\"elementor-widget-container\">\n\t\t\t\t\t\t\t\t\t<p>Am\u00e1bile Enfermagem Telefones:\u00a0<\/p><ul><li>(48) 3307-4792\u00a0<\/li><li>(48) 99925-7762\u00a0<\/li><\/ul><p>Respons\u00e1vel: Andr\u00e9 Luiz<\/p>\t\t\t\t\t\t\t\t<\/div>\n\t\t\t\t<\/div>\n\t\t\t\t\t<\/div>\n\t\t<\/div>\n\t\t\t\t\t<\/div>\n\t\t<\/section>\n\t\t\t\t<\/div>\n\t\t","protected":false},"excerpt":{"rendered":"<p>Am\u00e1bile Home Care \u2013 Cuidar \u00e9 o nosso compromisso! \u00a0 Voc\u00ea ou um familiar precisa de aten\u00e7\u00e3o profissional no conforto de casa?A equipe Am\u00e1bile Home Care oferece atendimentos pontuais e assist\u00eancia domiciliarcont\u00ednua, com todo o cuidado e seguran\u00e7a que a enfermagem pode proporcionar.Atendimentos pontuais de enfermagem:\u2714 Administra\u00e7\u00e3o de medicamentos (inje\u00e7\u00f5es, soroterapia e medica\u00e7\u00f5es cont\u00ednuas)\u2714 Curativos, [&hellip;]<\/p>\n","protected":false},"author":1,"featured_media":0,"parent":5320,"menu_order":0,"comment_status":"closed","ping_status":"closed","template":"","meta":{"footnotes":""},"class_list":["post-11479","page","type-page","status-publish","hentry"],"_links":{"self":[{"href":"https:\/\/acacef.com.br\/novo\/wp-json\/wp\/v2\/pages\/11479","targetHints":{"allow":["GET"]}}],"collection":[{"href":"https:\/\/acacef.com.br\/novo\/wp-json\/wp\/v2\/pages"}],"about":[{"href":"https:\/\/acacef.com.br\/novo\/wp-json\/wp\/v2\/types\/page"}],"author":[{"embeddable":true,"href":"https:\/\/acacef.com.br\/novo\/wp-json\/wp\/v2\/users\/1"}],"replies":[{"embeddable":true,"href":"https:\/\/acacef.com.br\/novo\/wp-json\/wp\/v2\/comments?post=11479"}],"version-history":[{"count":4,"href":"https:\/\/acacef.com.br\/novo\/wp-json\/wp\/v2\/pages\/11479\/revisions"}],"predecessor-version":[{"id":11497,"href":"https:\/\/acacef.com.br\/novo\/wp-json\/wp\/v2\/pages\/11479\/revisions\/11497"}],"up":[{"embeddable":true,"href":"https:\/\/acacef.com.br\/novo\/wp-json\/wp\/v2\/pages\/5320"}],"wp:attachment":[{"href":"https:\/\/acacef.com.br\/novo\/wp-json\/wp\/v2\/media?parent=11479"}],"curies":[{"name":"wp","href":"https:\/\/api.w.org\/{rel}","templated":true}]}}