{"id":11147,"date":"2025-11-11T14:28:28","date_gmt":"2025-11-11T14:28:28","guid":{"rendered":"https:\/\/acacef.com.br\/novo\/?page_id=11147"},"modified":"2025-11-11T14:40:31","modified_gmt":"2025-11-11T14:40:31","slug":"fotos-2019","status":"publish","type":"page","link":"https:\/\/acacef.com.br\/novo\/fotos-2019\/","title":{"rendered":"Fotos 2019"},"content":{"rendered":"\t\t<div data-elementor-type=\"wp-page\" data-elementor-id=\"11147\" class=\"elementor elementor-11147\" data-elementor-post-type=\"page\">\n\t\t\t\t\t\t<section class=\"elementor-section elementor-top-section elementor-element elementor-element-33c8554 elementor-section-boxed elementor-section-height-default elementor-section-height-default\" data-id=\"33c8554\" data-element_type=\"section\">\n\t\t\t\t\t\t<div class=\"elementor-container elementor-column-gap-default\">\n\t\t\t\t\t<div class=\"elementor-column elementor-col-50 elementor-top-column elementor-element elementor-element-b24985e ot-flex-column-vertical\" data-id=\"b24985e\" data-element_type=\"column\">\n\t\t\t<div class=\"elementor-widget-wrap elementor-element-populated\">\n\t\t\t\t\t\t<div class=\"elementor-element elementor-element-3e95797 elementor-widget elementor-widget-spacer\" data-id=\"3e95797\" data-element_type=\"widget\" data-widget_type=\"spacer.default\">\n\t\t\t\t<div class=\"elementor-widget-container\">\n\t\t\t\t\t\t\t<div class=\"elementor-spacer\">\n\t\t\t<div class=\"elementor-spacer-inner\"><\/div>\n\t\t<\/div>\n\t\t\t\t\t\t<\/div>\n\t\t\t\t<\/div>\n\t\t\t\t<div class=\"elementor-element elementor-element-5d66975 elementor-widget elementor-widget-heading\" data-id=\"5d66975\" data-element_type=\"widget\" data-widget_type=\"heading.default\">\n\t\t\t\t<div class=\"elementor-widget-container\">\n\t\t\t\t\t<h2 class=\"elementor-heading-title elementor-size-default\">SIMP\u00d3SIO 2019<\/h2>\t\t\t\t<\/div>\n\t\t\t\t<\/div>\n\t\t\t\t\t<\/div>\n\t\t<\/div>\n\t\t\t\t<div class=\"elementor-column elementor-col-50 elementor-top-column elementor-element elementor-element-68c41f8 ot-column-items-center ot-flex-column-horizontal\" data-id=\"68c41f8\" data-element_type=\"column\">\n\t\t\t<div class=\"elementor-widget-wrap elementor-element-populated\">\n\t\t\t\t\t\t<div class=\"elementor-element elementor-element-d00698e elementor-widget elementor-widget-image-gallery\" data-id=\"d00698e\" data-element_type=\"widget\" data-widget_type=\"image-gallery.default\">\n\t\t\t\t<div class=\"elementor-widget-container\">\n\t\t\t\t\t\t\t<div class=\"elementor-image-gallery\">\n\t\t\t<div id='gallery-1' class='gallery galleryid-11147 gallery-columns-5 gallery-size-onum-slide-portfolio-thumbnail-2'><figure class='gallery-item'>\n\t\t\t<div class='gallery-icon landscape'>\n\t\t\t\t<a data-elementor-open-lightbox=\"yes\" data-elementor-lightbox-slideshow=\"d00698e\" data-elementor-lightbox-title=\"SIMP\u00d3SIO 2019\" data-elementor-lightbox-description=\"SIMP\u00d3SIO 2019\" data-e-action-hash=\"#elementor-action%3Aaction%3Dlightbox%26settings%3DeyJpZCI6NjU4NSwidXJsIjoiaHR0cHM6XC9cL2FjYWNlZi5jb20uYnJcL25vdm9cL3dwLWNvbnRlbnRcL3VwbG9hZHNcLzIwMjNcLzAzXC9XaGF0c0FwcF9JbWFnZV8yMDE5LTEyLTA5X2F0XzIzNDc1MF8zLmpwZWciLCJzbGlkZXNob3ciOiJkMDA2OThlIn0%3D\" href='https:\/\/acacef.com.br\/novo\/wp-content\/uploads\/2023\/03\/WhatsApp_Image_2019-12-09_at_234750_3.jpeg'><img fetchpriority=\"high\" decoding=\"async\" width=\"600\" height=\"578\" src=\"https:\/\/acacef.com.br\/novo\/wp-content\/uploads\/2023\/03\/WhatsApp_Image_2019-12-09_at_234750_3-600x578.jpeg\" class=\"attachment-onum-slide-portfolio-thumbnail-2 size-onum-slide-portfolio-thumbnail-2\" alt=\"SIMP\u00d3SIO 2019\" aria-describedby=\"gallery-1-6585\" \/><\/a>\n\t\t\t<\/div>\n\t\t\t\t<figcaption class='wp-caption-text gallery-caption' id='gallery-1-6585'>\n\t\t\t\tSIMP\u00d3SIO 2019\n\t\t\t\t<\/figcaption><\/figure><figure class='gallery-item'>\n\t\t\t<div class='gallery-icon landscape'>\n\t\t\t\t<a data-elementor-open-lightbox=\"yes\" data-elementor-lightbox-slideshow=\"d00698e\" data-elementor-lightbox-title=\"SIMP\u00d3SIO 2019\" data-elementor-lightbox-description=\"SIMP\u00d3SIO 2019\" data-e-action-hash=\"#elementor-action%3Aaction%3Dlightbox%26settings%3DeyJpZCI6NjU4NiwidXJsIjoiaHR0cHM6XC9cL2FjYWNlZi5jb20uYnJcL25vdm9cL3dwLWNvbnRlbnRcL3VwbG9hZHNcLzIwMjNcLzAzXC9XaGF0c0FwcF9JbWFnZV8yMDE5LTEyLTA5X2F0XzIzNDgyNy5qcGVnIiwic2xpZGVzaG93IjoiZDAwNjk4ZSJ9\" href='https:\/\/acacef.com.br\/novo\/wp-content\/uploads\/2023\/03\/WhatsApp_Image_2019-12-09_at_234827.jpeg'><img decoding=\"async\" width=\"600\" height=\"610\" src=\"https:\/\/acacef.com.br\/novo\/wp-content\/uploads\/2023\/03\/WhatsApp_Image_2019-12-09_at_234827-600x610.jpeg\" class=\"attachment-onum-slide-portfolio-thumbnail-2 size-onum-slide-portfolio-thumbnail-2\" alt=\"SIMP\u00d3SIO 2019\" aria-describedby=\"gallery-1-6586\" \/><\/a>\n\t\t\t<\/div>\n\t\t\t\t<figcaption class='wp-caption-text gallery-caption' id='gallery-1-6586'>\n\t\t\t\tSIMP\u00d3SIO 2019\n\t\t\t\t<\/figcaption><\/figure><figure class='gallery-item'>\n\t\t\t<div class='gallery-icon landscape'>\n\t\t\t\t<a data-elementor-open-lightbox=\"yes\" data-elementor-lightbox-slideshow=\"d00698e\" data-elementor-lightbox-title=\"SIMP\u00d3SIO 2019\" data-elementor-lightbox-description=\"SIMP\u00d3SIO 2019\" data-e-action-hash=\"#elementor-action%3Aaction%3Dlightbox%26settings%3DeyJpZCI6NjU5MSwidXJsIjoiaHR0cHM6XC9cL2FjYWNlZi5jb20uYnJcL25vdm9cL3dwLWNvbnRlbnRcL3VwbG9hZHNcLzIwMjNcLzAzXC9XaGF0c0FwcF9JbWFnZV8yMDE5LTEyLTA5X2F0XzIzNDgyOF80LmpwZWciLCJzbGlkZXNob3ciOiJkMDA2OThlIn0%3D\" href='https:\/\/acacef.com.br\/novo\/wp-content\/uploads\/2023\/03\/WhatsApp_Image_2019-12-09_at_234828_4.jpeg'><img decoding=\"async\" width=\"600\" height=\"478\" src=\"https:\/\/acacef.com.br\/novo\/wp-content\/uploads\/2023\/03\/WhatsApp_Image_2019-12-09_at_234828_4-600x478.jpeg\" class=\"attachment-onum-slide-portfolio-thumbnail-2 size-onum-slide-portfolio-thumbnail-2\" alt=\"SIMP\u00d3SIO 2019\" aria-describedby=\"gallery-1-6591\" \/><\/a>\n\t\t\t<\/div>\n\t\t\t\t<figcaption class='wp-caption-text gallery-caption' id='gallery-1-6591'>\n\t\t\t\tSIMP\u00d3SIO 2019\n\t\t\t\t<\/figcaption><\/figure><figure class='gallery-item'>\n\t\t\t<div class='gallery-icon landscape'>\n\t\t\t\t<a data-elementor-open-lightbox=\"yes\" data-elementor-lightbox-slideshow=\"d00698e\" data-elementor-lightbox-title=\"SIMP\u00d3SIO 2019\" data-elementor-lightbox-description=\"SIMP\u00d3SIO 2019\" data-e-action-hash=\"#elementor-action%3Aaction%3Dlightbox%26settings%3DeyJpZCI6NjU4NCwidXJsIjoiaHR0cHM6XC9cL2FjYWNlZi5jb20uYnJcL25vdm9cL3dwLWNvbnRlbnRcL3VwbG9hZHNcLzIwMjNcLzAzXC9XaGF0c0FwcF9JbWFnZV8yMDE5LTEyLTA5X2F0XzIzNDc1MF8yLmpwZWciLCJzbGlkZXNob3ciOiJkMDA2OThlIn0%3D\" href='https:\/\/acacef.com.br\/novo\/wp-content\/uploads\/2023\/03\/WhatsApp_Image_2019-12-09_at_234750_2.jpeg'><img loading=\"lazy\" decoding=\"async\" width=\"600\" height=\"573\" src=\"https:\/\/acacef.com.br\/novo\/wp-content\/uploads\/2023\/03\/WhatsApp_Image_2019-12-09_at_234750_2-600x573.jpeg\" class=\"attachment-onum-slide-portfolio-thumbnail-2 size-onum-slide-portfolio-thumbnail-2\" alt=\"SIMP\u00d3SIO 2019\" aria-describedby=\"gallery-1-6584\" \/><\/a>\n\t\t\t<\/div>\n\t\t\t\t<figcaption class='wp-caption-text gallery-caption' id='gallery-1-6584'>\n\t\t\t\tSIMP\u00d3SIO 2019\n\t\t\t\t<\/figcaption><\/figure><figure class='gallery-item'>\n\t\t\t<div class='gallery-icon portrait'>\n\t\t\t\t<a data-elementor-open-lightbox=\"yes\" data-elementor-lightbox-slideshow=\"d00698e\" data-elementor-lightbox-title=\"SIMP\u00d3SIO 2019\" data-elementor-lightbox-description=\"SIMP\u00d3SIO 2019\" data-e-action-hash=\"#elementor-action%3Aaction%3Dlightbox%26settings%3DeyJpZCI6NjU4MywidXJsIjoiaHR0cHM6XC9cL2FjYWNlZi5jb20uYnJcL25vdm9cL3dwLWNvbnRlbnRcL3VwbG9hZHNcLzIwMjNcLzAzXC9XaGF0c0FwcF9JbWFnZV8yMDE5LTEyLTA5X2F0XzIzNDc1MF8xLmpwZWciLCJzbGlkZXNob3ciOiJkMDA2OThlIn0%3D\" href='https:\/\/acacef.com.br\/novo\/wp-content\/uploads\/2023\/03\/WhatsApp_Image_2019-12-09_at_234750_1.jpeg'><img loading=\"lazy\" decoding=\"async\" width=\"600\" height=\"680\" src=\"https:\/\/acacef.com.br\/novo\/wp-content\/uploads\/2023\/03\/WhatsApp_Image_2019-12-09_at_234750_1-600x680.jpeg\" class=\"attachment-onum-slide-portfolio-thumbnail-2 size-onum-slide-portfolio-thumbnail-2\" alt=\"SIMP\u00d3SIO 2019\" aria-describedby=\"gallery-1-6583\" \/><\/a>\n\t\t\t<\/div>\n\t\t\t\t<figcaption class='wp-caption-text gallery-caption' id='gallery-1-6583'>\n\t\t\t\tSIMP\u00d3SIO 2019\n\t\t\t\t<\/figcaption><\/figure><figure class='gallery-item'>\n\t\t\t<div class='gallery-icon landscape'>\n\t\t\t\t<a data-elementor-open-lightbox=\"yes\" data-elementor-lightbox-slideshow=\"d00698e\" data-elementor-lightbox-title=\"SIMP\u00d3SIO 2019\" data-elementor-lightbox-description=\"SIMP\u00d3SIO 2019\" data-e-action-hash=\"#elementor-action%3Aaction%3Dlightbox%26settings%3DeyJpZCI6NjU4NywidXJsIjoiaHR0cHM6XC9cL2FjYWNlZi5jb20uYnJcL25vdm9cL3dwLWNvbnRlbnRcL3VwbG9hZHNcLzIwMjNcLzAzXC9XaGF0c0FwcF9JbWFnZV8yMDE5LTEyLTA5X2F0XzIzNDgyOC5qcGVnIiwic2xpZGVzaG93IjoiZDAwNjk4ZSJ9\" href='https:\/\/acacef.com.br\/novo\/wp-content\/uploads\/2023\/03\/WhatsApp_Image_2019-12-09_at_234828.jpeg'><img loading=\"lazy\" decoding=\"async\" width=\"600\" height=\"514\" src=\"https:\/\/acacef.com.br\/novo\/wp-content\/uploads\/2023\/03\/WhatsApp_Image_2019-12-09_at_234828-600x514.jpeg\" class=\"attachment-onum-slide-portfolio-thumbnail-2 size-onum-slide-portfolio-thumbnail-2\" alt=\"SIMP\u00d3SIO 2019\" aria-describedby=\"gallery-1-6587\" \/><\/a>\n\t\t\t<\/div>\n\t\t\t\t<figcaption class='wp-caption-text gallery-caption' id='gallery-1-6587'>\n\t\t\t\tSIMP\u00d3SIO 2019\n\t\t\t\t<\/figcaption><\/figure><figure class='gallery-item'>\n\t\t\t<div class='gallery-icon landscape'>\n\t\t\t\t<a data-elementor-open-lightbox=\"yes\" data-elementor-lightbox-slideshow=\"d00698e\" data-elementor-lightbox-title=\"SIMP\u00d3SIO 2019\" data-elementor-lightbox-description=\"SIMP\u00d3SIO 2019\" data-e-action-hash=\"#elementor-action%3Aaction%3Dlightbox%26settings%3DeyJpZCI6NjU4OSwidXJsIjoiaHR0cHM6XC9cL2FjYWNlZi5jb20uYnJcL25vdm9cL3dwLWNvbnRlbnRcL3VwbG9hZHNcLzIwMjNcLzAzXC9XaGF0c0FwcF9JbWFnZV8yMDE5LTEyLTA5X2F0XzIzNDgyOF8yLmpwZWciLCJzbGlkZXNob3ciOiJkMDA2OThlIn0%3D\" href='https:\/\/acacef.com.br\/novo\/wp-content\/uploads\/2023\/03\/WhatsApp_Image_2019-12-09_at_234828_2.jpeg'><img loading=\"lazy\" decoding=\"async\" width=\"600\" height=\"518\" src=\"https:\/\/acacef.com.br\/novo\/wp-content\/uploads\/2023\/03\/WhatsApp_Image_2019-12-09_at_234828_2-600x518.jpeg\" class=\"attachment-onum-slide-portfolio-thumbnail-2 size-onum-slide-portfolio-thumbnail-2\" alt=\"SIMP\u00d3SIO 2019\" aria-describedby=\"gallery-1-6589\" \/><\/a>\n\t\t\t<\/div>\n\t\t\t\t<figcaption class='wp-caption-text gallery-caption' id='gallery-1-6589'>\n\t\t\t\tSIMP\u00d3SIO 2019\n\t\t\t\t<\/figcaption><\/figure><figure class='gallery-item'>\n\t\t\t<div class='gallery-icon landscape'>\n\t\t\t\t<a data-elementor-open-lightbox=\"yes\" data-elementor-lightbox-slideshow=\"d00698e\" data-elementor-lightbox-title=\"SIMP\u00d3SIO 2019\" data-elementor-lightbox-description=\"SIMP\u00d3SIO 2019\" data-e-action-hash=\"#elementor-action%3Aaction%3Dlightbox%26settings%3DeyJpZCI6NjU4OCwidXJsIjoiaHR0cHM6XC9cL2FjYWNlZi5jb20uYnJcL25vdm9cL3dwLWNvbnRlbnRcL3VwbG9hZHNcLzIwMjNcLzAzXC9XaGF0c0FwcF9JbWFnZV8yMDE5LTEyLTA5X2F0XzIzNDgyOF8xLmpwZWciLCJzbGlkZXNob3ciOiJkMDA2OThlIn0%3D\" href='https:\/\/acacef.com.br\/novo\/wp-content\/uploads\/2023\/03\/WhatsApp_Image_2019-12-09_at_234828_1.jpeg'><img loading=\"lazy\" decoding=\"async\" width=\"600\" height=\"607\" src=\"https:\/\/acacef.com.br\/novo\/wp-content\/uploads\/2023\/03\/WhatsApp_Image_2019-12-09_at_234828_1-600x607.jpeg\" class=\"attachment-onum-slide-portfolio-thumbnail-2 size-onum-slide-portfolio-thumbnail-2\" alt=\"SIMP\u00d3SIO 2019\" aria-describedby=\"gallery-1-6588\" \/><\/a>\n\t\t\t<\/div>\n\t\t\t\t<figcaption class='wp-caption-text gallery-caption' id='gallery-1-6588'>\n\t\t\t\tSIMP\u00d3SIO 2019\n\t\t\t\t<\/figcaption><\/figure><figure class='gallery-item'>\n\t\t\t<div class='gallery-icon landscape'>\n\t\t\t\t<a data-elementor-open-lightbox=\"yes\" data-elementor-lightbox-slideshow=\"d00698e\" data-elementor-lightbox-title=\"SIMP\u00d3SIO 2019\" data-elementor-lightbox-description=\"SIMP\u00d3SIO 2019\" data-e-action-hash=\"#elementor-action%3Aaction%3Dlightbox%26settings%3DeyJpZCI6NjU4MiwidXJsIjoiaHR0cHM6XC9cL2FjYWNlZi5jb20uYnJcL25vdm9cL3dwLWNvbnRlbnRcL3VwbG9hZHNcLzIwMjNcLzAzXC9XaGF0c0FwcF9JbWFnZV8yMDE5LTEyLTA5X2F0XzIzNDc1MC5qcGVnIiwic2xpZGVzaG93IjoiZDAwNjk4ZSJ9\" href='https:\/\/acacef.com.br\/novo\/wp-content\/uploads\/2023\/03\/WhatsApp_Image_2019-12-09_at_234750.jpeg'><img loading=\"lazy\" decoding=\"async\" width=\"600\" height=\"640\" src=\"https:\/\/acacef.com.br\/novo\/wp-content\/uploads\/2023\/03\/WhatsApp_Image_2019-12-09_at_234750-600x640.jpeg\" class=\"attachment-onum-slide-portfolio-thumbnail-2 size-onum-slide-portfolio-thumbnail-2\" alt=\"SIMP\u00d3SIO 2019\" aria-describedby=\"gallery-1-6582\" \/><\/a>\n\t\t\t<\/div>\n\t\t\t\t<figcaption class='wp-caption-text gallery-caption' id='gallery-1-6582'>\n\t\t\t\tSIMP\u00d3SIO 2019\n\t\t\t\t<\/figcaption><\/figure><figure class='gallery-item'>\n\t\t\t<div class='gallery-icon landscape'>\n\t\t\t\t<a data-elementor-open-lightbox=\"yes\" data-elementor-lightbox-slideshow=\"d00698e\" data-elementor-lightbox-title=\"SIMP\u00d3SIO 2019\" data-elementor-lightbox-description=\"SIMP\u00d3SIO 2019\" data-e-action-hash=\"#elementor-action%3Aaction%3Dlightbox%26settings%3DeyJpZCI6NjU5MCwidXJsIjoiaHR0cHM6XC9cL2FjYWNlZi5jb20uYnJcL25vdm9cL3dwLWNvbnRlbnRcL3VwbG9hZHNcLzIwMjNcLzAzXC9XaGF0c0FwcF9JbWFnZV8yMDE5LTEyLTA5X2F0XzIzNDgyOF8zLmpwZWciLCJzbGlkZXNob3ciOiJkMDA2OThlIn0%3D\" href='https:\/\/acacef.com.br\/novo\/wp-content\/uploads\/2023\/03\/WhatsApp_Image_2019-12-09_at_234828_3.jpeg'><img loading=\"lazy\" decoding=\"async\" width=\"600\" height=\"512\" src=\"https:\/\/acacef.com.br\/novo\/wp-content\/uploads\/2023\/03\/WhatsApp_Image_2019-12-09_at_234828_3-600x512.jpeg\" class=\"attachment-onum-slide-portfolio-thumbnail-2 size-onum-slide-portfolio-thumbnail-2\" alt=\"SIMP\u00d3SIO 2019\" aria-describedby=\"gallery-1-6590\" \/><\/a>\n\t\t\t<\/div>\n\t\t\t\t<figcaption class='wp-caption-text gallery-caption' id='gallery-1-6590'>\n\t\t\t\tSIMP\u00d3SIO 2019\n\t\t\t\t<\/figcaption><\/figure>\n\t\t<\/div>\n\t\t<\/div>\n\t\t\t\t\t\t<\/div>\n\t\t\t\t<\/div>\n\t\t\t\t<div class=\"elementor-element elementor-element-5668109 elementor-widget elementor-widget-spacer\" data-id=\"5668109\" data-element_type=\"widget\" data-widget_type=\"spacer.default\">\n\t\t\t\t<div class=\"elementor-widget-container\">\n\t\t\t\t\t\t\t<div class=\"elementor-spacer\">\n\t\t\t<div class=\"elementor-spacer-inner\"><\/div>\n\t\t<\/div>\n\t\t\t\t\t\t<\/div>\n\t\t\t\t<\/div>\n\t\t\t\t\t<\/div>\n\t\t<\/div>\n\t\t\t\t\t<\/div>\n\t\t<\/section>\n\t\t\t\t<section class=\"elementor-section elementor-top-section elementor-element elementor-element-13a6eb2 elementor-section-boxed elementor-section-height-default elementor-section-height-default\" data-id=\"13a6eb2\" data-element_type=\"section\">\n\t\t\t\t\t\t<div class=\"elementor-container elementor-column-gap-default\">\n\t\t\t\t\t<div class=\"elementor-column elementor-col-100 elementor-top-column elementor-element elementor-element-f8d6797 ot-flex-column-vertical\" data-id=\"f8d6797\" data-element_type=\"column\">\n\t\t\t<div class=\"elementor-widget-wrap\">\n\t\t\t\t\t\t\t<\/div>\n\t\t<\/div>\n\t\t\t\t\t<\/div>\n\t\t<\/section>\n\t\t\t\t<\/div>\n\t\t","protected":false},"excerpt":{"rendered":"<p>SIMP\u00d3SIO 2019 SIMP\u00d3SIO 2019 SIMP\u00d3SIO 2019 SIMP\u00d3SIO 2019 SIMP\u00d3SIO 2019 SIMP\u00d3SIO 2019 SIMP\u00d3SIO 2019 SIMP\u00d3SIO 2019 SIMP\u00d3SIO 2019 SIMP\u00d3SIO 2019 SIMP\u00d3SIO 2019<\/p>\n","protected":false},"author":1,"featured_media":0,"parent":0,"menu_order":0,"comment_status":"closed","ping_status":"closed","template":"","meta":{"footnotes":""},"class_list":["post-11147","page","type-page","status-publish","hentry"],"_links":{"self":[{"href":"https:\/\/acacef.com.br\/novo\/wp-json\/wp\/v2\/pages\/11147","targetHints":{"allow":["GET"]}}],"collection":[{"href":"https:\/\/acacef.com.br\/novo\/wp-json\/wp\/v2\/pages"}],"about":[{"href":"https:\/\/acacef.com.br\/novo\/wp-json\/wp\/v2\/types\/page"}],"author":[{"embeddable":true,"href":"https:\/\/acacef.com.br\/novo\/wp-json\/wp\/v2\/users\/1"}],"replies":[{"embeddable":true,"href":"https:\/\/acacef.com.br\/novo\/wp-json\/wp\/v2\/comments?post=11147"}],"version-history":[{"count":8,"href":"https:\/\/acacef.com.br\/novo\/wp-json\/wp\/v2\/pages\/11147\/revisions"}],"predecessor-version":[{"id":11160,"href":"https:\/\/acacef.com.br\/novo\/wp-json\/wp\/v2\/pages\/11147\/revisions\/11160"}],"wp:attachment":[{"href":"https:\/\/acacef.com.br\/novo\/wp-json\/wp\/v2\/media?parent=11147"}],"curies":[{"name":"wp","href":"https:\/\/api.w.org\/{rel}","templated":true}]}}